{"id":2630,"date":"2025-05-22T11:05:12","date_gmt":"2025-05-22T11:05:12","guid":{"rendered":"https:\/\/kreative-web.pt\/vasicol\/produtos\/"},"modified":"2025-07-25T10:50:55","modified_gmt":"2025-07-25T10:50:55","slug":"produtos","status":"publish","type":"page","link":"https:\/\/kreative-web.pt\/vasicol\/pt-pt\/produtos\/","title":{"rendered":"Produtos"},"content":{"rendered":"\t\t<div data-elementor-type=\"wp-page\" data-elementor-id=\"2630\" class=\"elementor elementor-2630 elementor-1608\" data-elementor-settings=\"{&quot;ha_cmc_init_switcher&quot;:&quot;no&quot;}\" data-elementor-post-type=\"page\">\n\t\t\t\t<div class=\"elementor-element elementor-element-b26900b e-flex e-con-boxed e-con e-parent\" data-id=\"b26900b\" data-element_type=\"container\" data-settings=\"{&quot;background_background&quot;:&quot;classic&quot;}\">\n\t\t\t\t\t<div class=\"e-con-inner\">\n\t\t<div class=\"elementor-element elementor-element-17e1cf0 e-con-full e-flex e-con e-child\" data-id=\"17e1cf0\" data-element_type=\"container\">\n\t\t<div class=\"elementor-element elementor-element-86465e4 e-con-full e-flex e-con e-child\" data-id=\"86465e4\" data-element_type=\"container\">\n\t\t\t\t<div class=\"elementor-element elementor-element-97bb280 elementor-widget elementor-widget-heading\" data-id=\"97bb280\" data-element_type=\"widget\" data-widget_type=\"heading.default\">\n\t\t\t\t<div class=\"elementor-widget-container\">\n\t\t\t\t\t<h2 class=\"elementor-heading-title elementor-size-default\">Produtos<\/h2>\t\t\t\t<\/div>\n\t\t\t\t<\/div>\n\t\t\t\t<div class=\"elementor-element elementor-element-80f3cd2 elementor-widget elementor-widget-heading\" data-id=\"80f3cd2\" data-element_type=\"widget\" data-widget_type=\"heading.default\">\n\t\t\t\t<div class=\"elementor-widget-container\">\n\t\t\t\t\t<h2 class=\"elementor-heading-title elementor-size-default\">Cer\u00e2mica elegante <br>para <b>cada espa\u00e7o<\/b><\/h2>\t\t\t\t<\/div>\n\t\t\t\t<\/div>\n\t\t\t\t<div class=\"elementor-element elementor-element-a56489d elementor-widget elementor-widget-text-editor\" data-id=\"a56489d\" data-element_type=\"widget\" data-widget_type=\"text-editor.default\">\n\t\t\t\t<div class=\"elementor-widget-container\">\n\t\t\t\t\t\t\t\t\tOs nossos produtos s\u00e3o produzidos em massa, especialmente concebidos e projetados para a marca pr\u00f3pria e o sector da hotelaria, mas tamb\u00e9m s\u00e3o perfeitos para a tua casa, com um design elegante e sofisticado.\t\t\t\t\t\t\t\t<\/div>\n\t\t\t\t<\/div>\n\t\t\t\t<\/div>\n\t\t<div class=\"elementor-element elementor-element-da167f9 e-con-full e-flex e-con e-child\" data-id=\"da167f9\" data-element_type=\"container\">\n\t\t\t\t<div class=\"elementor-element elementor-element-da2209b elementor-widget elementor-widget-heading\" data-id=\"da2209b\" data-element_type=\"widget\" data-widget_type=\"heading.default\">\n\t\t\t\t<div class=\"elementor-widget-container\">\n\t\t\t\t\t<h2 class=\"elementor-heading-title elementor-size-default\">as nossas especifica\u00e7\u00f5es<\/h2>\t\t\t\t<\/div>\n\t\t\t\t<\/div>\n\t\t<div class=\"elementor-element elementor-element-ea0b5b9 e-con-full e-flex e-con e-child\" data-id=\"ea0b5b9\" data-element_type=\"container\">\n\t\t\t\t<div class=\"elementor-element elementor-element-57e24a7 elementor-position-top elementor-widget elementor-widget-image-box\" data-id=\"57e24a7\" data-element_type=\"widget\" data-widget_type=\"image-box.default\">\n\t\t\t\t<div class=\"elementor-widget-container\">\n\t\t\t\t\t<div class=\"elementor-image-box-wrapper\"><figure class=\"elementor-image-box-img\"><img fetchpriority=\"high\" decoding=\"async\" width=\"293\" height=\"293\" src=\"https:\/\/kreative-web.pt\/vasicol\/wp-content\/uploads\/2025\/05\/MarkLabels-02.webp\" class=\"attachment-full size-full wp-image-1615\" alt=\"\" srcset=\"https:\/\/kreative-web.pt\/vasicol\/wp-content\/uploads\/2025\/05\/MarkLabels-02.webp 293w, https:\/\/kreative-web.pt\/vasicol\/wp-content\/uploads\/2025\/05\/MarkLabels-02-150x150.webp 150w\" sizes=\"(max-width: 293px) 100vw, 293px\" \/><\/figure><div class=\"elementor-image-box-content\"><h3 class=\"elementor-image-box-title\">Acabamento<br>exclusivo<\/h3><\/div><\/div>\t\t\t\t<\/div>\n\t\t\t\t<\/div>\n\t\t\t\t<div class=\"elementor-element elementor-element-680a83a elementor-position-top elementor-widget elementor-widget-image-box\" data-id=\"680a83a\" data-element_type=\"widget\" data-widget_type=\"image-box.default\">\n\t\t\t\t<div class=\"elementor-widget-container\">\n\t\t\t\t\t<div class=\"elementor-image-box-wrapper\"><figure class=\"elementor-image-box-img\"><img decoding=\"async\" width=\"293\" height=\"293\" src=\"https:\/\/kreative-web.pt\/vasicol\/wp-content\/uploads\/2025\/05\/MarkLabels-03.webp\" class=\"attachment-full size-full wp-image-1616\" alt=\"\" srcset=\"https:\/\/kreative-web.pt\/vasicol\/wp-content\/uploads\/2025\/05\/MarkLabels-03.webp 293w, https:\/\/kreative-web.pt\/vasicol\/wp-content\/uploads\/2025\/05\/MarkLabels-03-150x150.webp 150w\" sizes=\"(max-width: 293px) 100vw, 293px\" \/><\/figure><div class=\"elementor-image-box-content\"><h3 class=\"elementor-image-box-title\">Apto para<br>Forno<\/h3><\/div><\/div>\t\t\t\t<\/div>\n\t\t\t\t<\/div>\n\t\t\t\t<div class=\"elementor-element elementor-element-9d1a4f4 elementor-position-top elementor-widget elementor-widget-image-box\" data-id=\"9d1a4f4\" data-element_type=\"widget\" data-widget_type=\"image-box.default\">\n\t\t\t\t<div class=\"elementor-widget-container\">\n\t\t\t\t\t<div class=\"elementor-image-box-wrapper\"><figure class=\"elementor-image-box-img\"><img decoding=\"async\" width=\"293\" height=\"293\" src=\"https:\/\/kreative-web.pt\/vasicol\/wp-content\/uploads\/2025\/05\/MarkLabels-04.webp\" class=\"attachment-full size-full wp-image-1617\" alt=\"\" srcset=\"https:\/\/kreative-web.pt\/vasicol\/wp-content\/uploads\/2025\/05\/MarkLabels-04.webp 293w, https:\/\/kreative-web.pt\/vasicol\/wp-content\/uploads\/2025\/05\/MarkLabels-04-150x150.webp 150w\" sizes=\"(max-width: 293px) 100vw, 293px\" \/><\/figure><div class=\"elementor-image-box-content\"><h3 class=\"elementor-image-box-title\">Apto para<br>Micro-ondas<\/h3><\/div><\/div>\t\t\t\t<\/div>\n\t\t\t\t<\/div>\n\t\t\t\t<div class=\"elementor-element elementor-element-e84efa3 elementor-position-top elementor-widget elementor-widget-image-box\" data-id=\"e84efa3\" data-element_type=\"widget\" data-widget_type=\"image-box.default\">\n\t\t\t\t<div class=\"elementor-widget-container\">\n\t\t\t\t\t<div class=\"elementor-image-box-wrapper\"><figure class=\"elementor-image-box-img\"><img loading=\"lazy\" decoding=\"async\" width=\"293\" height=\"293\" src=\"https:\/\/kreative-web.pt\/vasicol\/wp-content\/uploads\/2025\/05\/MarkLabels-05.webp\" class=\"attachment-full size-full wp-image-1618\" alt=\"\" srcset=\"https:\/\/kreative-web.pt\/vasicol\/wp-content\/uploads\/2025\/05\/MarkLabels-05.webp 293w, https:\/\/kreative-web.pt\/vasicol\/wp-content\/uploads\/2025\/05\/MarkLabels-05-150x150.webp 150w\" sizes=\"(max-width: 293px) 100vw, 293px\" \/><\/figure><div class=\"elementor-image-box-content\"><h3 class=\"elementor-image-box-title\">Apto para<br>Congelador<\/h3><\/div><\/div>\t\t\t\t<\/div>\n\t\t\t\t<\/div>\n\t\t\t\t<div class=\"elementor-element elementor-element-47627e6 elementor-position-top elementor-widget elementor-widget-image-box\" data-id=\"47627e6\" data-element_type=\"widget\" data-widget_type=\"image-box.default\">\n\t\t\t\t<div class=\"elementor-widget-container\">\n\t\t\t\t\t<div class=\"elementor-image-box-wrapper\"><figure class=\"elementor-image-box-img\"><img loading=\"lazy\" decoding=\"async\" width=\"293\" height=\"293\" src=\"https:\/\/kreative-web.pt\/vasicol\/wp-content\/uploads\/2025\/05\/MarkLabels-09.webp\" class=\"attachment-full size-full wp-image-1622\" alt=\"\" srcset=\"https:\/\/kreative-web.pt\/vasicol\/wp-content\/uploads\/2025\/05\/MarkLabels-09.webp 293w, https:\/\/kreative-web.pt\/vasicol\/wp-content\/uploads\/2025\/05\/MarkLabels-09-150x150.webp 150w\" sizes=\"(max-width: 293px) 100vw, 293px\" \/><\/figure><div class=\"elementor-image-box-content\"><h3 class=\"elementor-image-box-title\">Apto para<br>M\u00e1quina<br>da loi\u00e7a<\/h3><\/div><\/div>\t\t\t\t<\/div>\n\t\t\t\t<\/div>\n\t\t\t\t<div class=\"elementor-element elementor-element-71aad7b elementor-position-top elementor-widget elementor-widget-image-box\" data-id=\"71aad7b\" data-element_type=\"widget\" data-widget_type=\"image-box.default\">\n\t\t\t\t<div class=\"elementor-widget-container\">\n\t\t\t\t\t<div class=\"elementor-image-box-wrapper\"><figure class=\"elementor-image-box-img\"><img loading=\"lazy\" decoding=\"async\" width=\"291\" height=\"291\" src=\"https:\/\/kreative-web.pt\/vasicol\/wp-content\/uploads\/2025\/05\/MarkLabels-08.webp\" class=\"attachment-full size-full wp-image-1621\" alt=\"\" srcset=\"https:\/\/kreative-web.pt\/vasicol\/wp-content\/uploads\/2025\/05\/MarkLabels-08.webp 291w, https:\/\/kreative-web.pt\/vasicol\/wp-content\/uploads\/2025\/05\/MarkLabels-08-150x150.webp 150w\" sizes=\"(max-width: 291px) 100vw, 291px\" \/><\/figure><div class=\"elementor-image-box-content\"><h3 class=\"elementor-image-box-title\">Boa<br>Gr\u00e9s<\/h3><\/div><\/div>\t\t\t\t<\/div>\n\t\t\t\t<\/div>\n\t\t\t\t<div class=\"elementor-element elementor-element-c076b5e elementor-position-top elementor-widget elementor-widget-image-box\" data-id=\"c076b5e\" data-element_type=\"widget\" data-widget_type=\"image-box.default\">\n\t\t\t\t<div class=\"elementor-widget-container\">\n\t\t\t\t\t<div class=\"elementor-image-box-wrapper\"><figure class=\"elementor-image-box-img\"><img loading=\"lazy\" decoding=\"async\" width=\"293\" height=\"293\" src=\"https:\/\/kreative-web.pt\/vasicol\/wp-content\/uploads\/2025\/05\/MarkLabels-07.webp\" class=\"attachment-full size-full wp-image-1620\" alt=\"\" srcset=\"https:\/\/kreative-web.pt\/vasicol\/wp-content\/uploads\/2025\/05\/MarkLabels-07.webp 293w, https:\/\/kreative-web.pt\/vasicol\/wp-content\/uploads\/2025\/05\/MarkLabels-07-150x150.webp 150w\" sizes=\"(max-width: 293px) 100vw, 293px\" \/><\/figure><div class=\"elementor-image-box-content\"><h3 class=\"elementor-image-box-title\">Acabamento<br>Brilhante<\/h3><\/div><\/div>\t\t\t\t<\/div>\n\t\t\t\t<\/div>\n\t\t\t\t<div class=\"elementor-element elementor-element-f20f0c8 elementor-position-top elementor-widget elementor-widget-image-box\" data-id=\"f20f0c8\" data-element_type=\"widget\" data-widget_type=\"image-box.default\">\n\t\t\t\t<div class=\"elementor-widget-container\">\n\t\t\t\t\t<div class=\"elementor-image-box-wrapper\"><figure class=\"elementor-image-box-img\"><img loading=\"lazy\" decoding=\"async\" width=\"293\" height=\"293\" src=\"https:\/\/kreative-web.pt\/vasicol\/wp-content\/uploads\/2025\/05\/MarkLabels-06.webp\" class=\"attachment-full size-full wp-image-1619\" alt=\"\" srcset=\"https:\/\/kreative-web.pt\/vasicol\/wp-content\/uploads\/2025\/05\/MarkLabels-06.webp 293w, https:\/\/kreative-web.pt\/vasicol\/wp-content\/uploads\/2025\/05\/MarkLabels-06-150x150.webp 150w\" sizes=\"(max-width: 293px) 100vw, 293px\" \/><\/figure><div class=\"elementor-image-box-content\"><h3 class=\"elementor-image-box-title\">Acabamento<br>Mate<\/h3><\/div><\/div>\t\t\t\t<\/div>\n\t\t\t\t<\/div>\n\t\t\t\t<div class=\"elementor-element elementor-element-3c89ea1 elementor-position-top elementor-widget elementor-widget-image-box\" data-id=\"3c89ea1\" data-element_type=\"widget\" data-widget_type=\"image-box.default\">\n\t\t\t\t<div class=\"elementor-widget-container\">\n\t\t\t\t\t<div class=\"elementor-image-box-wrapper\"><figure class=\"elementor-image-box-img\"><img loading=\"lazy\" decoding=\"async\" width=\"293\" height=\"293\" src=\"https:\/\/kreative-web.pt\/vasicol\/wp-content\/uploads\/2025\/05\/MarkLabels-10.webp\" class=\"attachment-full size-full wp-image-1623\" alt=\"\" srcset=\"https:\/\/kreative-web.pt\/vasicol\/wp-content\/uploads\/2025\/05\/MarkLabels-10.webp 293w, https:\/\/kreative-web.pt\/vasicol\/wp-content\/uploads\/2025\/05\/MarkLabels-10-150x150.webp 150w\" sizes=\"(max-width: 293px) 100vw, 293px\" \/><\/figure><div class=\"elementor-image-box-content\"><h3 class=\"elementor-image-box-title\">Design<br>Compacto<\/h3><\/div><\/div>\t\t\t\t<\/div>\n\t\t\t\t<\/div>\n\t\t\t\t<\/div>\n\t\t\t\t<\/div>\n\t\t\t\t<\/div>\n\t\t<div class=\"elementor-element elementor-element-10901bb e-con-full e-flex e-con e-child\" data-id=\"10901bb\" data-element_type=\"container\">\n\t\t<div data-ha-element-link=\"{&quot;url&quot;:&quot;https:\\\/\\\/kreative-web.pt\\\/vasicol\\\/category-products\\\/hospitality\\\/&quot;,&quot;is_external&quot;:&quot;&quot;,&quot;nofollow&quot;:&quot;&quot;}\" style=\"cursor: pointer\" class=\"elementor-element elementor-element-e3dd226 e-con-full container e-flex e-con e-child\" data-id=\"e3dd226\" data-element_type=\"container\" data-settings=\"{&quot;background_background&quot;:&quot;classic&quot;}\">\n\t\t\t\t<div class=\"elementor-element elementor-element-9f57879 elementor-widget elementor-widget-image\" data-id=\"9f57879\" data-element_type=\"widget\" data-widget_type=\"image.default\">\n\t\t\t\t<div class=\"elementor-widget-container\">\n\t\t\t\t\t\t\t\t\t\t\t\t\t\t\t<img loading=\"lazy\" decoding=\"async\" width=\"653\" height=\"1024\" src=\"https:\/\/kreative-web.pt\/vasicol\/wp-content\/uploads\/2024\/08\/BALTIC_2_villacer-653x1024.webp\" class=\"attachment-large size-large wp-image-2515\" alt=\"\" srcset=\"https:\/\/kreative-web.pt\/vasicol\/wp-content\/uploads\/2024\/08\/BALTIC_2_villacer-653x1024.webp 653w, https:\/\/kreative-web.pt\/vasicol\/wp-content\/uploads\/2024\/08\/BALTIC_2_villacer-191x300.webp 191w, https:\/\/kreative-web.pt\/vasicol\/wp-content\/uploads\/2024\/08\/BALTIC_2_villacer.webp 702w\" sizes=\"(max-width: 653px) 100vw, 653px\" \/>\t\t\t\t\t\t\t\t\t\t\t\t\t\t\t<\/div>\n\t\t\t\t<\/div>\n\t\t<div class=\"elementor-element elementor-element-ddbac94 e-con-full e-flex e-con e-child\" data-id=\"ddbac94\" data-element_type=\"container\">\n\t\t<div class=\"elementor-element elementor-element-99483fb e-con-full visible e-flex e-con e-child\" data-id=\"99483fb\" data-element_type=\"container\">\n\t\t\t\t<div class=\"elementor-element elementor-element-d063fb2 elementor-widget elementor-widget-heading\" data-id=\"d063fb2\" data-element_type=\"widget\" data-widget_type=\"heading.default\">\n\t\t\t\t<div class=\"elementor-widget-container\">\n\t\t\t\t\t<h2 class=\"elementor-heading-title elementor-size-default\">hospitalidade<\/h2>\t\t\t\t<\/div>\n\t\t\t\t<\/div>\n\t\t\t\t<\/div>\n\t\t\t\t<div class=\"elementor-element elementor-element-ba1c596 elementor-align-right elementor-mobile-align-left elementor-hidden-desktop elementor-widget elementor-widget-button\" data-id=\"ba1c596\" data-element_type=\"widget\" data-widget_type=\"button.default\">\n\t\t\t\t<div class=\"elementor-widget-container\">\n\t\t\t\t\t\t\t\t\t<div class=\"elementor-button-wrapper\">\n\t\t\t\t\t<a class=\"elementor-button elementor-button-link elementor-size-sm\" href=\"https:\/\/kreative-web.pt\/vasicol\/category-products\/hospitality\/\">\n\t\t\t\t\t\t<span class=\"elementor-button-content-wrapper\">\n\t\t\t\t\t\t\t\t\t<span class=\"elementor-button-text\">ver tudo<\/span>\n\t\t\t\t\t<\/span>\n\t\t\t\t\t<\/a>\n\t\t\t\t<\/div>\n\t\t\t\t\t\t\t\t<\/div>\n\t\t\t\t<\/div>\n\t\t<div class=\"elementor-element elementor-element-c1d86f1 e-con-full reveal elementor-hidden-tablet elementor-hidden-mobile e-flex e-con e-child\" data-id=\"c1d86f1\" data-element_type=\"container\">\n\t\t\t\t<div class=\"elementor-element elementor-element-7316c4c elementor-align-right elementor-widget__width-inherit elementor-widget elementor-widget-button\" data-id=\"7316c4c\" data-element_type=\"widget\" data-widget_type=\"button.default\">\n\t\t\t\t<div class=\"elementor-widget-container\">\n\t\t\t\t\t\t\t\t\t<div class=\"elementor-button-wrapper\">\n\t\t\t\t\t<a class=\"elementor-button elementor-button-link elementor-size-sm\" href=\"https:\/\/kreative-web.pt\/vasicol\/category-products\/hospitality\/\">\n\t\t\t\t\t\t<span class=\"elementor-button-content-wrapper\">\n\t\t\t\t\t\t\t\t\t<span class=\"elementor-button-text\">ver colec\u00e7\u00f5es<\/span>\n\t\t\t\t\t<\/span>\n\t\t\t\t\t<\/a>\n\t\t\t\t<\/div>\n\t\t\t\t\t\t\t\t<\/div>\n\t\t\t\t<\/div>\n\t\t\t\t<\/div>\n\t\t\t\t<\/div>\n\t\t\t\t<\/div>\n\t\t<div data-ha-element-link=\"{&quot;url&quot;:&quot;https:\\\/\\\/kreative-web.pt\\\/vasicol\\\/category-products\\\/collections\\\/&quot;,&quot;is_external&quot;:&quot;&quot;,&quot;nofollow&quot;:&quot;&quot;}\" style=\"cursor: pointer\" class=\"elementor-element elementor-element-c3b3c0c e-con-full container e-flex e-con e-child\" data-id=\"c3b3c0c\" data-element_type=\"container\" data-settings=\"{&quot;background_background&quot;:&quot;classic&quot;}\">\n\t\t\t\t<div class=\"elementor-element elementor-element-f1dc79c elementor-widget elementor-widget-image\" data-id=\"f1dc79c\" data-element_type=\"widget\" data-widget_type=\"image.default\">\n\t\t\t\t<div class=\"elementor-widget-container\">\n\t\t\t\t\t\t\t\t\t\t\t\t\t\t\t<img loading=\"lazy\" decoding=\"async\" width=\"800\" height=\"566\" src=\"https:\/\/kreative-web.pt\/vasicol\/wp-content\/uploads\/2024\/05\/digital-print_home_villacer-1024x724.jpg\" class=\"attachment-large size-large wp-image-2487\" alt=\"\" srcset=\"https:\/\/kreative-web.pt\/vasicol\/wp-content\/uploads\/2024\/05\/digital-print_home_villacer-1024x724.jpg 1024w, https:\/\/kreative-web.pt\/vasicol\/wp-content\/uploads\/2024\/05\/digital-print_home_villacer-300x212.jpg 300w, https:\/\/kreative-web.pt\/vasicol\/wp-content\/uploads\/2024\/05\/digital-print_home_villacer-768x543.jpg 768w, https:\/\/kreative-web.pt\/vasicol\/wp-content\/uploads\/2024\/05\/digital-print_home_villacer-1536x1086.jpg 1536w, https:\/\/kreative-web.pt\/vasicol\/wp-content\/uploads\/2024\/05\/digital-print_home_villacer-2048x1448.jpg 2048w\" sizes=\"(max-width: 800px) 100vw, 800px\" \/>\t\t\t\t\t\t\t\t\t\t\t\t\t\t\t<\/div>\n\t\t\t\t<\/div>\n\t\t<div class=\"elementor-element elementor-element-c29049e e-con-full e-flex e-con e-child\" data-id=\"c29049e\" data-element_type=\"container\">\n\t\t<div class=\"elementor-element elementor-element-e5f283a e-con-full visible e-flex e-con e-child\" data-id=\"e5f283a\" data-element_type=\"container\">\n\t\t\t\t<div class=\"elementor-element elementor-element-93267b6 elementor-widget elementor-widget-heading\" data-id=\"93267b6\" data-element_type=\"widget\" data-widget_type=\"heading.default\">\n\t\t\t\t<div class=\"elementor-widget-container\">\n\t\t\t\t\t<h2 class=\"elementor-heading-title elementor-size-default\">Colec\u00e7\u00f5es<\/h2>\t\t\t\t<\/div>\n\t\t\t\t<\/div>\n\t\t\t\t<\/div>\n\t\t\t\t<div class=\"elementor-element elementor-element-74dd2f8 elementor-align-right elementor-mobile-align-left elementor-hidden-desktop elementor-widget elementor-widget-button\" data-id=\"74dd2f8\" data-element_type=\"widget\" data-widget_type=\"button.default\">\n\t\t\t\t<div class=\"elementor-widget-container\">\n\t\t\t\t\t\t\t\t\t<div class=\"elementor-button-wrapper\">\n\t\t\t\t\t<a class=\"elementor-button elementor-button-link elementor-size-sm\" href=\"https:\/\/kreative-web.pt\/vasicol\/category-products\/collections\/\">\n\t\t\t\t\t\t<span class=\"elementor-button-content-wrapper\">\n\t\t\t\t\t\t\t\t\t<span class=\"elementor-button-text\">ver tudo<\/span>\n\t\t\t\t\t<\/span>\n\t\t\t\t\t<\/a>\n\t\t\t\t<\/div>\n\t\t\t\t\t\t\t\t<\/div>\n\t\t\t\t<\/div>\n\t\t<div class=\"elementor-element elementor-element-3112e68 e-con-full reveal elementor-hidden-mobile e-flex e-con e-child\" data-id=\"3112e68\" data-element_type=\"container\">\n\t\t\t\t<div class=\"elementor-element elementor-element-42c3ebc elementor-align-right elementor-widget__width-inherit elementor-widget elementor-widget-button\" data-id=\"42c3ebc\" data-element_type=\"widget\" data-widget_type=\"button.default\">\n\t\t\t\t<div class=\"elementor-widget-container\">\n\t\t\t\t\t\t\t\t\t<div class=\"elementor-button-wrapper\">\n\t\t\t\t\t<a class=\"elementor-button elementor-button-link elementor-size-sm\" href=\"https:\/\/kreative-web.pt\/vasicol\/category-products\/collections\/\">\n\t\t\t\t\t\t<span class=\"elementor-button-content-wrapper\">\n\t\t\t\t\t\t\t\t\t<span class=\"elementor-button-text\">ver colec\u00e7\u00f5es<\/span>\n\t\t\t\t\t<\/span>\n\t\t\t\t\t<\/a>\n\t\t\t\t<\/div>\n\t\t\t\t\t\t\t\t<\/div>\n\t\t\t\t<\/div>\n\t\t\t\t<\/div>\n\t\t\t\t<\/div>\n\t\t\t\t<\/div>\n\t\t\t\t<\/div>\n\t\t\t\t\t<\/div>\n\t\t\t\t<\/div>\n\t\t<div class=\"elementor-element elementor-element-b6582cf elementor-hidden-desktop elementor-hidden-tablet elementor-hidden-mobile e-flex e-con-boxed e-con e-parent\" data-id=\"b6582cf\" data-element_type=\"container\" data-settings=\"{&quot;background_background&quot;:&quot;classic&quot;}\">\n\t\t\t\t\t<div class=\"e-con-inner\">\n\t\t<div class=\"elementor-element elementor-element-ef6ccef e-con-full e-flex e-con e-child\" data-id=\"ef6ccef\" data-element_type=\"container\">\n\t\t\t\t<div class=\"elementor-element elementor-element-67f06c7 elementor-widget elementor-widget-heading\" data-id=\"67f06c7\" data-element_type=\"widget\" data-widget_type=\"heading.default\">\n\t\t\t\t<div class=\"elementor-widget-container\">\n\t\t\t\t\t<h2 class=\"elementor-heading-title elementor-size-default\">MANTENHA-SE ATUALIZADO<\/h2>\t\t\t\t<\/div>\n\t\t\t\t<\/div>\n\t\t\t\t<div class=\"elementor-element elementor-element-557191b elementor-widget elementor-widget-heading\" data-id=\"557191b\" data-element_type=\"widget\" data-widget_type=\"heading.default\">\n\t\t\t\t<div class=\"elementor-widget-container\">\n\t\t\t\t\t<h2 class=\"elementor-heading-title elementor-size-default\">Subscreva a<br>a nossa Newsletter<\/h2>\t\t\t\t<\/div>\n\t\t\t\t<\/div>\n\t\t\t\t<\/div>\n\t\t<div class=\"elementor-element elementor-element-c4e3e7e e-con-full e-flex e-con e-child\" data-id=\"c4e3e7e\" data-element_type=\"container\">\n\t\t\t\t<div class=\"elementor-element elementor-element-55ef1d8 elementor-button-align-stretch elementor-widget elementor-widget-form\" data-id=\"55ef1d8\" data-element_type=\"widget\" data-settings=\"{&quot;button_width&quot;:&quot;20&quot;,&quot;step_next_label&quot;:&quot;Seguinte&quot;,&quot;step_previous_label&quot;:&quot;Anterior&quot;,&quot;step_type&quot;:&quot;number_text&quot;,&quot;step_icon_shape&quot;:&quot;circle&quot;}\" data-widget_type=\"form.default\">\n\t\t\t\t<div class=\"elementor-widget-container\">\n\t\t\t\t\t\t\t<form class=\"elementor-form\" method=\"post\" name=\"Novo formul\u00e1rio\" aria-label=\"Novo formul\u00e1rio\">\n\t\t\t<input type=\"hidden\" name=\"post_id\" value=\"2630\"\/>\n\t\t\t<input type=\"hidden\" name=\"form_id\" value=\"55ef1d8\"\/>\n\t\t\t<input type=\"hidden\" name=\"referer_title\" value=\"Produtos\" \/>\n\n\t\t\t\t\t\t\t<input type=\"hidden\" name=\"queried_id\" value=\"2630\"\/>\n\t\t\t\n\t\t\t<div class=\"elementor-form-fields-wrapper elementor-labels-\">\n\t\t\t\t\t\t\t\t<div class=\"elementor-field-type-email elementor-field-group elementor-column elementor-field-group-email elementor-col-80 elementor-field-required\">\n\t\t\t\t\t\t\t\t\t\t\t\t<label for=\"form-field-email\" class=\"elementor-field-label elementor-screen-only\">\n\t\t\t\t\t\t\t\tCorreio eletr\u00f3nico\t\t\t\t\t\t\t<\/label>\n\t\t\t\t\t\t\t\t\t\t\t\t\t\t<input size=\"1\" type=\"email\" name=\"form_fields[email]\" id=\"form-field-email\" class=\"elementor-field elementor-size-sm  elementor-field-textual\" placeholder=\"Correio eletr\u00f3nico\" required=\"required\">\n\t\t\t\t\t\t\t\t\t\t\t<\/div>\n\t\t\t\t\t\t\t\t<div class=\"elementor-field-group elementor-column elementor-field-type-submit elementor-col-20 e-form__buttons\">\n\t\t\t\t\t<button class=\"elementor-button elementor-size-sm\" type=\"submit\">\n\t\t\t\t\t\t<span class=\"elementor-button-content-wrapper\">\n\t\t\t\t\t\t\t\t\t\t\t\t\t\t\t\t\t\t\t\t\t\t<span class=\"elementor-button-text\">Envia<\/span>\n\t\t\t\t\t\t\t\t\t\t\t\t\t<\/span>\n\t\t\t\t\t<\/button>\n\t\t\t\t<\/div>\n\t\t\t<\/div>\n\t\t<\/form>\n\t\t\t\t\t\t<\/div>\n\t\t\t\t<\/div>\n\t\t\t\t<\/div>\n\t\t\t\t\t<\/div>\n\t\t\t\t<\/div>\n\t\t\t\t<\/div>\n\t\t","protected":false},"excerpt":{"rendered":"<p>Produtos Cer\u00e2mica elegante para cada espa\u00e7o Os nossos produtos s\u00e3o produzidos em massa, especialmente concebidos e projetados para a marca pr\u00f3pria e o sector da hotelaria, mas tamb\u00e9m s\u00e3o perfeitos para a tua casa, com um design elegante e sofisticado. as nossas especifica\u00e7\u00f5es Acabamentoexclusivo Apto paraForno Apto paraMicro-ondas Apto paraCongelador Apto paraM\u00e1quinada loi\u00e7a BoaGr\u00e9s AcabamentoBrilhante [&hellip;]<\/p>\n","protected":false},"author":1,"featured_media":0,"parent":0,"menu_order":0,"comment_status":"closed","ping_status":"closed","template":"elementor_header_footer","meta":{"footnotes":""},"class_list":["post-2630","page","type-page","status-publish","hentry"],"_links":{"self":[{"href":"https:\/\/kreative-web.pt\/vasicol\/pt-pt\/wp-json\/wp\/v2\/pages\/2630","targetHints":{"allow":["GET"]}}],"collection":[{"href":"https:\/\/kreative-web.pt\/vasicol\/pt-pt\/wp-json\/wp\/v2\/pages"}],"about":[{"href":"https:\/\/kreative-web.pt\/vasicol\/pt-pt\/wp-json\/wp\/v2\/types\/page"}],"author":[{"embeddable":true,"href":"https:\/\/kreative-web.pt\/vasicol\/pt-pt\/wp-json\/wp\/v2\/users\/1"}],"replies":[{"embeddable":true,"href":"https:\/\/kreative-web.pt\/vasicol\/pt-pt\/wp-json\/wp\/v2\/comments?post=2630"}],"version-history":[{"count":13,"href":"https:\/\/kreative-web.pt\/vasicol\/pt-pt\/wp-json\/wp\/v2\/pages\/2630\/revisions"}],"predecessor-version":[{"id":2699,"href":"https:\/\/kreative-web.pt\/vasicol\/pt-pt\/wp-json\/wp\/v2\/pages\/2630\/revisions\/2699"}],"wp:attachment":[{"href":"https:\/\/kreative-web.pt\/vasicol\/pt-pt\/wp-json\/wp\/v2\/media?parent=2630"}],"curies":[{"name":"wp","href":"https:\/\/api.w.org\/{rel}","templated":true}]}}