{"id":2611,"date":"2025-05-21T14:22:30","date_gmt":"2025-05-21T14:22:30","guid":{"rendered":"https:\/\/kreative-web.pt\/vasicol\/sustentabilidade\/"},"modified":"2025-07-25T10:41:36","modified_gmt":"2025-07-25T10:41:36","slug":"sustentabilidade","status":"publish","type":"page","link":"https:\/\/kreative-web.pt\/vasicol\/pt-pt\/sustentabilidade\/","title":{"rendered":"Sustentabilidade"},"content":{"rendered":"\t\t<div data-elementor-type=\"wp-page\" data-elementor-id=\"2611\" class=\"elementor elementor-2611 elementor-1489\" data-elementor-settings=\"{&quot;ha_cmc_init_switcher&quot;:&quot;no&quot;}\" data-elementor-post-type=\"page\">\n\t\t\t\t<div class=\"elementor-element elementor-element-d97e8e8 e-flex e-con-boxed e-con e-parent\" data-id=\"d97e8e8\" data-element_type=\"container\" data-settings=\"{&quot;background_background&quot;:&quot;classic&quot;}\">\n\t\t\t\t\t<div class=\"e-con-inner\">\n\t\t<div class=\"elementor-element elementor-element-ea397dc e-con-full e-flex e-con e-child\" data-id=\"ea397dc\" data-element_type=\"container\">\n\t\t<div class=\"elementor-element elementor-element-fcdb879 e-con-full e-flex e-con e-child\" data-id=\"fcdb879\" data-element_type=\"container\">\n\t\t\t\t<div class=\"elementor-element elementor-element-e4e0efe elementor-widget elementor-widget-heading\" data-id=\"e4e0efe\" data-element_type=\"widget\" data-widget_type=\"heading.default\">\n\t\t\t\t<div class=\"elementor-widget-container\">\n\t\t\t\t\t<h2 class=\"elementor-heading-title elementor-size-default\">sustentabilidade<\/h2>\t\t\t\t<\/div>\n\t\t\t\t<\/div>\n\t\t\t\t<div class=\"elementor-element elementor-element-e48a1df elementor-widget elementor-widget-heading\" data-id=\"e48a1df\" data-element_type=\"widget\" data-widget_type=\"heading.default\">\n\t\t\t\t<div class=\"elementor-widget-container\">\n\t\t\t\t\t<h2 class=\"elementor-heading-title elementor-size-default\">Sustentabilidade hoje para<br>um <b>amanh\u00e3 melhor<\/b><\/h2>\t\t\t\t<\/div>\n\t\t\t\t<\/div>\n\t\t\t\t<div class=\"elementor-element elementor-element-355e411 elementor-widget elementor-widget-text-editor\" data-id=\"355e411\" data-element_type=\"widget\" data-widget_type=\"text-editor.default\">\n\t\t\t\t<div class=\"elementor-widget-container\">\n\t\t\t\t\t\t\t\t\t<p>Na Villacer, a sustentabilidade n\u00e3o \u00e9 uma tend\u00eancia \u2014 \u00e9 um compromisso incorporado em todas as etapas da produ\u00e7\u00e3o. Todas as nossas pe\u00e7as de cer\u00e2mica s\u00e3o feitas com mat\u00e9rias-primas naturais, cuidadosamente obtidas de fornecedores locais para reduzir o impacto ambiental e apoiar a economia regional.<\/p><p>Operamos a nossa pr\u00f3pria instala\u00e7\u00e3o de tratamento de \u00e1guas, o que nos permite recuperar e reutilizar a \u00e1gua em diferentes etapas do processo de fabrico. Al\u00e9m disso, todos os res\u00edduos cer\u00e2micos \u2014 desde pe\u00e7as partidas at\u00e9 sobras de produ\u00e7\u00e3o \u2014 s\u00e3o reciclados e reintegrados no ciclo produtivo, ajudando a minimizar o desperd\u00edcio e promovendo uma abordagem circular dos recursos.<\/p><p>O pensamento sustent\u00e1vel molda tudo o que fazemos \u2014 desde a origem dos nossos materiais at\u00e9 ao produto final na sua mesa.<\/p><ul><li>100% reincorpora\u00e7\u00e3o de lascas cer\u00e2micas, reduzindo o consumo de materiais virgens<\/li><li>Produtos defeituosos s\u00e3o totalmente reintegrados na mistura de barro cer\u00e2mico<\/li><li>O excesso de calor do forno \u00e9 redirecionado para os secadores, promovendo a efici\u00eancia energ\u00e9tica<\/li><li>Baixa pegada ambiental \u2014 mat\u00e9rias-primas naturais s\u00e3o obtidas localmente, perto da f\u00e1brica<\/li><li>Moldes de gesso 100% reciclados contribuem para uma produ\u00e7\u00e3o mais sustent\u00e1vel<\/li><li>Energia fotovoltaica gerada atrav\u00e9s de pain\u00e9is solares apoia uma produ\u00e7\u00e3o mais limpa<\/li><\/ul>\t\t\t\t\t\t\t\t<\/div>\n\t\t\t\t<\/div>\n\t\t\t\t<\/div>\n\t\t<div class=\"elementor-element elementor-element-048dae7 e-con-full e-flex e-con e-child\" data-id=\"048dae7\" data-element_type=\"container\">\n\t\t\t\t<div class=\"elementor-element elementor-element-db4e092 elementor-widget elementor-widget-image\" data-id=\"db4e092\" data-element_type=\"widget\" data-widget_type=\"image.default\">\n\t\t\t\t<div class=\"elementor-widget-container\">\n\t\t\t\t\t\t\t\t\t\t\t\t\t\t\t<img fetchpriority=\"high\" decoding=\"async\" width=\"800\" height=\"1000\" src=\"https:\/\/kreative-web.pt\/vasicol\/wp-content\/uploads\/2025\/07\/paineis-solares_sustentabilidade_villacer.webp\" class=\"attachment-full size-full wp-image-2565\" alt=\"\" srcset=\"https:\/\/kreative-web.pt\/vasicol\/wp-content\/uploads\/2025\/07\/paineis-solares_sustentabilidade_villacer.webp 800w, https:\/\/kreative-web.pt\/vasicol\/wp-content\/uploads\/2025\/07\/paineis-solares_sustentabilidade_villacer-240x300.webp 240w, https:\/\/kreative-web.pt\/vasicol\/wp-content\/uploads\/2025\/07\/paineis-solares_sustentabilidade_villacer-768x960.webp 768w\" sizes=\"(max-width: 800px) 100vw, 800px\" \/>\t\t\t\t\t\t\t\t\t\t\t\t\t\t\t<\/div>\n\t\t\t\t<\/div>\n\t\t\t\t<\/div>\n\t\t\t\t<\/div>\n\t\t\t\t\t<\/div>\n\t\t\t\t<\/div>\n\t\t<div class=\"elementor-element elementor-element-a29a093 elementor-hidden-desktop elementor-hidden-tablet elementor-hidden-mobile e-flex e-con-boxed e-con e-parent\" data-id=\"a29a093\" data-element_type=\"container\" data-settings=\"{&quot;background_background&quot;:&quot;classic&quot;}\">\n\t\t\t\t\t<div class=\"e-con-inner\">\n\t\t<div class=\"elementor-element elementor-element-3aea6ee e-con-full e-flex e-con e-child\" data-id=\"3aea6ee\" data-element_type=\"container\">\n\t\t\t\t<div class=\"elementor-element elementor-element-e33750f elementor-widget elementor-widget-heading\" data-id=\"e33750f\" data-element_type=\"widget\" data-widget_type=\"heading.default\">\n\t\t\t\t<div class=\"elementor-widget-container\">\n\t\t\t\t\t<h2 class=\"elementor-heading-title elementor-size-default\">MANTENHA-SE ATUALIZADO<\/h2>\t\t\t\t<\/div>\n\t\t\t\t<\/div>\n\t\t\t\t<div class=\"elementor-element elementor-element-922b189 elementor-widget elementor-widget-heading\" data-id=\"922b189\" data-element_type=\"widget\" data-widget_type=\"heading.default\">\n\t\t\t\t<div class=\"elementor-widget-container\">\n\t\t\t\t\t<h2 class=\"elementor-heading-title elementor-size-default\">Subscreve a<br> a nossa Newsletter<\/h2>\t\t\t\t<\/div>\n\t\t\t\t<\/div>\n\t\t\t\t<\/div>\n\t\t<div class=\"elementor-element elementor-element-424b506 e-con-full e-flex e-con e-child\" data-id=\"424b506\" data-element_type=\"container\">\n\t\t\t\t<div class=\"elementor-element elementor-element-f986145 elementor-button-align-stretch elementor-widget elementor-widget-form\" data-id=\"f986145\" data-element_type=\"widget\" data-settings=\"{&quot;button_width&quot;:&quot;20&quot;,&quot;step_next_label&quot;:&quot;Seguinte&quot;,&quot;step_previous_label&quot;:&quot;Anterior&quot;,&quot;step_type&quot;:&quot;number_text&quot;,&quot;step_icon_shape&quot;:&quot;circle&quot;}\" data-widget_type=\"form.default\">\n\t\t\t\t<div class=\"elementor-widget-container\">\n\t\t\t\t\t\t\t<form class=\"elementor-form\" method=\"post\" name=\"Novo formul\u00e1rio\" aria-label=\"Novo formul\u00e1rio\">\n\t\t\t<input type=\"hidden\" name=\"post_id\" value=\"2611\"\/>\n\t\t\t<input type=\"hidden\" name=\"form_id\" value=\"f986145\"\/>\n\t\t\t<input type=\"hidden\" name=\"referer_title\" value=\"Sustentabilidade\" \/>\n\n\t\t\t\t\t\t\t<input type=\"hidden\" name=\"queried_id\" value=\"2611\"\/>\n\t\t\t\n\t\t\t<div class=\"elementor-form-fields-wrapper elementor-labels-\">\n\t\t\t\t\t\t\t\t<div class=\"elementor-field-type-email elementor-field-group elementor-column elementor-field-group-email elementor-col-80 elementor-field-required\">\n\t\t\t\t\t\t\t\t\t\t\t\t<label for=\"form-field-email\" class=\"elementor-field-label elementor-screen-only\">\n\t\t\t\t\t\t\t\tCorreio eletr\u00f3nico\t\t\t\t\t\t\t<\/label>\n\t\t\t\t\t\t\t\t\t\t\t\t\t\t<input size=\"1\" type=\"email\" name=\"form_fields[email]\" id=\"form-field-email\" class=\"elementor-field elementor-size-sm  elementor-field-textual\" placeholder=\"Correio eletr\u00f3nico\" required=\"required\">\n\t\t\t\t\t\t\t\t\t\t\t<\/div>\n\t\t\t\t\t\t\t\t<div class=\"elementor-field-group elementor-column elementor-field-type-submit elementor-col-20 e-form__buttons\">\n\t\t\t\t\t<button class=\"elementor-button elementor-size-sm\" type=\"submit\">\n\t\t\t\t\t\t<span class=\"elementor-button-content-wrapper\">\n\t\t\t\t\t\t\t\t\t\t\t\t\t\t\t\t\t\t\t\t\t\t<span class=\"elementor-button-text\">Envia<\/span>\n\t\t\t\t\t\t\t\t\t\t\t\t\t<\/span>\n\t\t\t\t\t<\/button>\n\t\t\t\t<\/div>\n\t\t\t<\/div>\n\t\t<\/form>\n\t\t\t\t\t\t<\/div>\n\t\t\t\t<\/div>\n\t\t\t\t<\/div>\n\t\t\t\t\t<\/div>\n\t\t\t\t<\/div>\n\t\t\t\t<\/div>\n\t\t","protected":false},"excerpt":{"rendered":"<p>sustentabilidade Sustentabilidade hoje paraum amanh\u00e3 melhor Na Villacer, a sustentabilidade n\u00e3o \u00e9 uma tend\u00eancia \u2014 \u00e9 um compromisso incorporado em todas as etapas da produ\u00e7\u00e3o. Todas as nossas pe\u00e7as de cer\u00e2mica s\u00e3o feitas com mat\u00e9rias-primas naturais, cuidadosamente obtidas de fornecedores locais para reduzir o impacto ambiental e apoiar a economia regional. Operamos a nossa pr\u00f3pria [&hellip;]<\/p>\n","protected":false},"author":1,"featured_media":0,"parent":0,"menu_order":0,"comment_status":"closed","ping_status":"closed","template":"elementor_header_footer","meta":{"footnotes":""},"class_list":["post-2611","page","type-page","status-publish","hentry"],"_links":{"self":[{"href":"https:\/\/kreative-web.pt\/vasicol\/pt-pt\/wp-json\/wp\/v2\/pages\/2611","targetHints":{"allow":["GET"]}}],"collection":[{"href":"https:\/\/kreative-web.pt\/vasicol\/pt-pt\/wp-json\/wp\/v2\/pages"}],"about":[{"href":"https:\/\/kreative-web.pt\/vasicol\/pt-pt\/wp-json\/wp\/v2\/types\/page"}],"author":[{"embeddable":true,"href":"https:\/\/kreative-web.pt\/vasicol\/pt-pt\/wp-json\/wp\/v2\/users\/1"}],"replies":[{"embeddable":true,"href":"https:\/\/kreative-web.pt\/vasicol\/pt-pt\/wp-json\/wp\/v2\/comments?post=2611"}],"version-history":[{"count":3,"href":"https:\/\/kreative-web.pt\/vasicol\/pt-pt\/wp-json\/wp\/v2\/pages\/2611\/revisions"}],"predecessor-version":[{"id":2683,"href":"https:\/\/kreative-web.pt\/vasicol\/pt-pt\/wp-json\/wp\/v2\/pages\/2611\/revisions\/2683"}],"wp:attachment":[{"href":"https:\/\/kreative-web.pt\/vasicol\/pt-pt\/wp-json\/wp\/v2\/media?parent=2611"}],"curies":[{"name":"wp","href":"https:\/\/api.w.org\/{rel}","templated":true}]}}