{"id":2609,"date":"2024-09-18T10:51:39","date_gmt":"2024-09-18T10:51:39","guid":{"rendered":"https:\/\/kreative-web.pt\/vasicol\/sobre-nos\/"},"modified":"2025-07-25T10:42:53","modified_gmt":"2025-07-25T10:42:53","slug":"sobre-nos","status":"publish","type":"page","link":"https:\/\/kreative-web.pt\/vasicol\/pt-pt\/sobre-nos\/","title":{"rendered":"Sobre n\u00f3s"},"content":{"rendered":"\t\t<div data-elementor-type=\"wp-page\" data-elementor-id=\"2609\" class=\"elementor elementor-2609 elementor-1129\" data-elementor-settings=\"{&quot;ha_cmc_init_switcher&quot;:&quot;no&quot;}\" data-elementor-post-type=\"page\">\n\t\t\t\t<div class=\"elementor-element elementor-element-89429f5 e-flex e-con-boxed e-con e-parent\" data-id=\"89429f5\" data-element_type=\"container\" data-settings=\"{&quot;background_background&quot;:&quot;classic&quot;}\">\n\t\t\t\t\t<div class=\"e-con-inner\">\n\t\t<div class=\"elementor-element elementor-element-a29350a e-con-full e-flex e-con e-child\" data-id=\"a29350a\" data-element_type=\"container\">\n\t\t\t\t<div class=\"elementor-element elementor-element-b26f4f8 elementor-widget elementor-widget-heading\" data-id=\"b26f4f8\" data-element_type=\"widget\" data-widget_type=\"heading.default\">\n\t\t\t\t<div class=\"elementor-widget-container\">\n\t\t\t\t\t<h2 class=\"elementor-heading-title elementor-size-default\">Sobre n\u00f3s<\/h2>\t\t\t\t<\/div>\n\t\t\t\t<\/div>\n\t\t\t\t<div class=\"elementor-element elementor-element-410998b elementor-widget elementor-widget-heading\" data-id=\"410998b\" data-element_type=\"widget\" data-widget_type=\"heading.default\">\n\t\t\t\t<div class=\"elementor-widget-container\">\n\t\t\t\t\t<h2 class=\"elementor-heading-title elementor-size-default\">Cada pe\u00e7a que criamos<\/h2>\t\t\t\t<\/div>\n\t\t\t\t<\/div>\n\t\t\t\t<div class=\"elementor-element elementor-element-57b913b elementor-widget elementor-widget-heading\" data-id=\"57b913b\" data-element_type=\"widget\" data-widget_type=\"heading.default\">\n\t\t\t\t<div class=\"elementor-widget-container\">\n\t\t\t\t\t<h2 class=\"elementor-heading-title elementor-size-default\">\u00e9 um reflexo do nosso compromisso com a qualidade<\/h2>\t\t\t\t<\/div>\n\t\t\t\t<\/div>\n\t\t\t\t<div class=\"elementor-element elementor-element-a1851c6 elementor-widget elementor-widget-text-editor\" data-id=\"a1851c6\" data-element_type=\"widget\" data-widget_type=\"text-editor.default\">\n\t\t\t\t<div class=\"elementor-widget-container\">\n\t\t\t\t\t\t\t\t\tA Villacer \u00e9 uma marca din\u00e2mica portuguesa, dedicada \u00e0 produ\u00e7\u00e3o de cer\u00e2mica de loi\u00e7a de alta qualidade. Fundada em 2018, a marca \u00e9 impulsionada por uma constante aten\u00e7\u00e3o \u00e0s tend\u00eancias atuais, lan\u00e7ando cole\u00e7\u00f5es que refletem o ritmo do design internacional e respondem \u00e0s exig\u00eancias de um mercado atento ao estilo.\t\t\t\t\t\t\t\t<\/div>\n\t\t\t\t<\/div>\n\t\t\t\t<div class=\"elementor-element elementor-element-80c5fcf elementor-widget elementor-widget-image\" data-id=\"80c5fcf\" data-element_type=\"widget\" data-widget_type=\"image.default\">\n\t\t\t\t<div class=\"elementor-widget-container\">\n\t\t\t\t\t\t\t\t\t\t\t\t\t\t\t<img fetchpriority=\"high\" decoding=\"async\" width=\"897\" height=\"1500\" src=\"https:\/\/kreative-web.pt\/vasicol\/wp-content\/uploads\/2024\/09\/salt-about-us.webp\" class=\"attachment-full size-full wp-image-2529\" alt=\"\" srcset=\"https:\/\/kreative-web.pt\/vasicol\/wp-content\/uploads\/2024\/09\/salt-about-us.webp 897w, https:\/\/kreative-web.pt\/vasicol\/wp-content\/uploads\/2024\/09\/salt-about-us-179x300.webp 179w, https:\/\/kreative-web.pt\/vasicol\/wp-content\/uploads\/2024\/09\/salt-about-us-612x1024.webp 612w, https:\/\/kreative-web.pt\/vasicol\/wp-content\/uploads\/2024\/09\/salt-about-us-768x1284.webp 768w\" sizes=\"(max-width: 897px) 100vw, 897px\" \/>\t\t\t\t\t\t\t\t\t\t\t\t\t\t\t<\/div>\n\t\t\t\t<\/div>\n\t\t\t\t<div class=\"elementor-element elementor-element-831230a elementor-widget elementor-widget-spacer\" data-id=\"831230a\" data-element_type=\"widget\" data-widget_type=\"spacer.default\">\n\t\t\t\t<div class=\"elementor-widget-container\">\n\t\t\t\t\t\t\t<div class=\"elementor-spacer\">\n\t\t\t<div class=\"elementor-spacer-inner\"><\/div>\n\t\t<\/div>\n\t\t\t\t\t\t<\/div>\n\t\t\t\t<\/div>\n\t\t\t\t<div class=\"elementor-element elementor-element-958e106 elementor-widget elementor-widget-image\" data-id=\"958e106\" data-element_type=\"widget\" data-widget_type=\"image.default\">\n\t\t\t\t<div class=\"elementor-widget-container\">\n\t\t\t\t\t\t\t\t\t\t\t\t\t\t\t<img decoding=\"async\" width=\"2560\" height=\"1436\" src=\"https:\/\/kreative-web.pt\/vasicol\/wp-content\/uploads\/2024\/05\/MIST-5-scaled.jpg\" class=\"attachment-full size-full wp-image-2495\" alt=\"\" srcset=\"https:\/\/kreative-web.pt\/vasicol\/wp-content\/uploads\/2024\/05\/MIST-5-scaled.jpg 2560w, https:\/\/kreative-web.pt\/vasicol\/wp-content\/uploads\/2024\/05\/MIST-5-300x168.jpg 300w, https:\/\/kreative-web.pt\/vasicol\/wp-content\/uploads\/2024\/05\/MIST-5-1024x574.jpg 1024w, https:\/\/kreative-web.pt\/vasicol\/wp-content\/uploads\/2024\/05\/MIST-5-768x431.jpg 768w, https:\/\/kreative-web.pt\/vasicol\/wp-content\/uploads\/2024\/05\/MIST-5-1536x861.jpg 1536w, https:\/\/kreative-web.pt\/vasicol\/wp-content\/uploads\/2024\/05\/MIST-5-2048x1149.jpg 2048w\" sizes=\"(max-width: 2560px) 100vw, 2560px\" \/>\t\t\t\t\t\t\t\t\t\t\t\t\t\t\t<\/div>\n\t\t\t\t<\/div>\n\t\t\t\t<\/div>\n\t\t<div class=\"elementor-element elementor-element-6e1e4ce e-con-full e-flex e-con e-child\" data-id=\"6e1e4ce\" data-element_type=\"container\">\n\t\t\t\t<div class=\"elementor-element elementor-element-dfcb280 elementor-widget elementor-widget-image\" data-id=\"dfcb280\" data-element_type=\"widget\" data-widget_type=\"image.default\">\n\t\t\t\t<div class=\"elementor-widget-container\">\n\t\t\t\t\t\t\t\t\t\t\t\t\t\t\t<img decoding=\"async\" width=\"800\" height=\"533\" src=\"https:\/\/kreative-web.pt\/vasicol\/wp-content\/uploads\/2024\/05\/fabrica_about-us_home_villacer-1024x682.jpg\" class=\"attachment-large size-large wp-image-2490\" alt=\"\" srcset=\"https:\/\/kreative-web.pt\/vasicol\/wp-content\/uploads\/2024\/05\/fabrica_about-us_home_villacer-1024x682.jpg 1024w, https:\/\/kreative-web.pt\/vasicol\/wp-content\/uploads\/2024\/05\/fabrica_about-us_home_villacer-300x200.jpg 300w, https:\/\/kreative-web.pt\/vasicol\/wp-content\/uploads\/2024\/05\/fabrica_about-us_home_villacer-768x512.jpg 768w, https:\/\/kreative-web.pt\/vasicol\/wp-content\/uploads\/2024\/05\/fabrica_about-us_home_villacer.jpg 1400w\" sizes=\"(max-width: 800px) 100vw, 800px\" \/>\t\t\t\t\t\t\t\t\t\t\t\t\t\t\t<\/div>\n\t\t\t\t<\/div>\n\t\t\t\t<div class=\"elementor-element elementor-element-19dbc5b elementor-hidden-mobile elementor-widget elementor-widget-spacer\" data-id=\"19dbc5b\" data-element_type=\"widget\" data-widget_type=\"spacer.default\">\n\t\t\t\t<div class=\"elementor-widget-container\">\n\t\t\t\t\t\t\t<div class=\"elementor-spacer\">\n\t\t\t<div class=\"elementor-spacer-inner\"><\/div>\n\t\t<\/div>\n\t\t\t\t\t\t<\/div>\n\t\t\t\t<\/div>\n\t\t\t\t<div class=\"elementor-element elementor-element-a9f7b88 elementor-widget elementor-widget-image\" data-id=\"a9f7b88\" data-element_type=\"widget\" data-widget_type=\"image.default\">\n\t\t\t\t<div class=\"elementor-widget-container\">\n\t\t\t\t\t\t\t\t\t\t\t\t\t\t\t<img loading=\"lazy\" decoding=\"async\" width=\"800\" height=\"686\" src=\"https:\/\/kreative-web.pt\/vasicol\/wp-content\/uploads\/2024\/09\/sandy-about.webp\" class=\"attachment-large size-large wp-image-2523\" alt=\"\" srcset=\"https:\/\/kreative-web.pt\/vasicol\/wp-content\/uploads\/2024\/09\/sandy-about.webp 1000w, https:\/\/kreative-web.pt\/vasicol\/wp-content\/uploads\/2024\/09\/sandy-about-300x257.webp 300w, https:\/\/kreative-web.pt\/vasicol\/wp-content\/uploads\/2024\/09\/sandy-about-768x658.webp 768w\" sizes=\"(max-width: 800px) 100vw, 800px\" \/>\t\t\t\t\t\t\t\t\t\t\t\t\t\t\t<\/div>\n\t\t\t\t<\/div>\n\t\t\t\t<div class=\"elementor-element elementor-element-65c1173 elementor-hidden-mobile elementor-widget elementor-widget-spacer\" data-id=\"65c1173\" data-element_type=\"widget\" data-widget_type=\"spacer.default\">\n\t\t\t\t<div class=\"elementor-widget-container\">\n\t\t\t\t\t\t\t<div class=\"elementor-spacer\">\n\t\t\t<div class=\"elementor-spacer-inner\"><\/div>\n\t\t<\/div>\n\t\t\t\t\t\t<\/div>\n\t\t\t\t<\/div>\n\t\t\t\t<div class=\"elementor-element elementor-element-0209a49 elementor-widget elementor-widget-heading\" data-id=\"0209a49\" data-element_type=\"widget\" data-widget_type=\"heading.default\">\n\t\t\t\t<div class=\"elementor-widget-container\">\n\t\t\t\t\t<h2 class=\"elementor-heading-title elementor-size-default\">desde 2018<\/h2>\t\t\t\t<\/div>\n\t\t\t\t<\/div>\n\t\t\t\t<div class=\"elementor-element elementor-element-8d27683 elementor-widget elementor-widget-heading\" data-id=\"8d27683\" data-element_type=\"widget\" data-widget_type=\"heading.default\">\n\t\t\t\t<div class=\"elementor-widget-container\">\n\t\t\t\t\t<h2 class=\"elementor-heading-title elementor-size-default\">no mercado<\/h2>\t\t\t\t<\/div>\n\t\t\t\t<\/div>\n\t\t\t\t<div class=\"elementor-element elementor-element-68688b7 elementor-widget elementor-widget-text-editor\" data-id=\"68688b7\" data-element_type=\"widget\" data-widget_type=\"text-editor.default\">\n\t\t\t\t<div class=\"elementor-widget-container\">\n\t\t\t\t\t\t\t\t\tA sua presen\u00e7a regular nas principais feiras de design e artesanato reflete um forte compromisso com a inova\u00e7\u00e3o e a criatividade. Cada nova ideia reunida \u00e9 transformada em pe\u00e7as distintas \u2014 contempor\u00e2neas no estilo, refinadas no acabamento e feitas para se destacar em qualquer mesa.\t\t\t\t\t\t\t\t<\/div>\n\t\t\t\t<\/div>\n\t\t\t\t<\/div>\n\t\t\t\t\t<\/div>\n\t\t\t\t<\/div>\n\t\t<div class=\"elementor-element elementor-element-5c421fa e-flex e-con-boxed e-con e-parent\" data-id=\"5c421fa\" data-element_type=\"container\" data-settings=\"{&quot;background_background&quot;:&quot;classic&quot;}\">\n\t\t\t\t\t<div class=\"e-con-inner\">\n\t\t<div class=\"elementor-element elementor-element-13a77b0 e-con-full e-flex e-con e-child\" data-id=\"13a77b0\" data-element_type=\"container\">\n\t\t\t\t<div class=\"elementor-element elementor-element-883d168 elementor-widget elementor-widget-counter\" data-id=\"883d168\" data-element_type=\"widget\" data-widget_type=\"counter.default\">\n\t\t\t\t<div class=\"elementor-widget-container\">\n\t\t\t\t\t\t\t<div class=\"elementor-counter\">\n\t\t\t<div class=\"elementor-counter-title\">pe\u00e7as \/ ano<\/div>\t\t\t<div class=\"elementor-counter-number-wrapper\">\n\t\t\t\t<span class=\"elementor-counter-number-prefix\"><\/span>\n\t\t\t\t<span class=\"elementor-counter-number\" data-duration=\"2000\" data-to-value=\"10000000\" data-from-value=\"0\" data-delimiter=\".\">0<\/span>\n\t\t\t\t<span class=\"elementor-counter-number-suffix\"><\/span>\n\t\t\t<\/div>\n\t\t<\/div>\n\t\t\t\t\t\t<\/div>\n\t\t\t\t<\/div>\n\t\t\t\t<div class=\"elementor-element elementor-element-93ef430 elementor-widget elementor-widget-counter\" data-id=\"93ef430\" data-element_type=\"widget\" data-widget_type=\"counter.default\">\n\t\t\t\t<div class=\"elementor-widget-container\">\n\t\t\t\t\t\t\t<div class=\"elementor-counter\">\n\t\t\t<div class=\"elementor-counter-title\">F\u00e1brica<\/div>\t\t\t<div class=\"elementor-counter-number-wrapper\">\n\t\t\t\t<span class=\"elementor-counter-number-prefix\"><\/span>\n\t\t\t\t<span class=\"elementor-counter-number\" data-duration=\"2000\" data-to-value=\"24000\" data-from-value=\"0\" data-delimiter=\".\">0<\/span>\n\t\t\t\t<span class=\"elementor-counter-number-suffix\"><small><sup>m2<\/sup><\/small><\/span>\n\t\t\t<\/div>\n\t\t<\/div>\n\t\t\t\t\t\t<\/div>\n\t\t\t\t<\/div>\n\t\t\t\t<div class=\"elementor-element elementor-element-4f94a50 elementor-widget elementor-widget-counter\" data-id=\"4f94a50\" data-element_type=\"widget\" data-widget_type=\"counter.default\">\n\t\t\t\t<div class=\"elementor-widget-container\">\n\t\t\t\t\t\t\t<div class=\"elementor-counter\">\n\t\t\t<div class=\"elementor-counter-title\">Exporta\u00e7\u00e3o<\/div>\t\t\t<div class=\"elementor-counter-number-wrapper\">\n\t\t\t\t<span class=\"elementor-counter-number-prefix\"><\/span>\n\t\t\t\t<span class=\"elementor-counter-number\" data-duration=\"2000\" data-to-value=\"99\" data-from-value=\"0\" data-delimiter=\".\">0<\/span>\n\t\t\t\t<span class=\"elementor-counter-number-suffix\"><small>%<\/small><\/span>\n\t\t\t<\/div>\n\t\t<\/div>\n\t\t\t\t\t\t<\/div>\n\t\t\t\t<\/div>\n\t\t\t\t<div class=\"elementor-element elementor-element-7361932 elementor-widget elementor-widget-counter\" data-id=\"7361932\" data-element_type=\"widget\" data-widget_type=\"counter.default\">\n\t\t\t\t<div class=\"elementor-widget-container\">\n\t\t\t\t\t\t\t<div class=\"elementor-counter\">\n\t\t\t<div class=\"elementor-counter-title\">Pa\u00edses<\/div>\t\t\t<div class=\"elementor-counter-number-wrapper\">\n\t\t\t\t<span class=\"elementor-counter-number-prefix\"><small>+<\/small><\/span>\n\t\t\t\t<span class=\"elementor-counter-number\" data-duration=\"2000\" data-to-value=\"30\" data-from-value=\"0\" data-delimiter=\".\">0<\/span>\n\t\t\t\t<span class=\"elementor-counter-number-suffix\"><\/span>\n\t\t\t<\/div>\n\t\t<\/div>\n\t\t\t\t\t\t<\/div>\n\t\t\t\t<\/div>\n\t\t\t\t<div class=\"elementor-element elementor-element-7a8622b elementor-widget elementor-widget-counter\" data-id=\"7a8622b\" data-element_type=\"widget\" data-widget_type=\"counter.default\">\n\t\t\t\t<div class=\"elementor-widget-container\">\n\t\t\t\t\t\t\t<div class=\"elementor-counter\">\n\t\t\t<div class=\"elementor-counter-title\">Empregados<\/div>\t\t\t<div class=\"elementor-counter-number-wrapper\">\n\t\t\t\t<span class=\"elementor-counter-number-prefix\"><small>+<\/small><\/span>\n\t\t\t\t<span class=\"elementor-counter-number\" data-duration=\"2000\" data-to-value=\"200\" data-from-value=\"0\" data-delimiter=\".\">0<\/span>\n\t\t\t\t<span class=\"elementor-counter-number-suffix\"><\/span>\n\t\t\t<\/div>\n\t\t<\/div>\n\t\t\t\t\t\t<\/div>\n\t\t\t\t<\/div>\n\t\t\t\t<\/div>\n\t\t\t\t\t<\/div>\n\t\t\t\t<\/div>\n\t\t<div class=\"elementor-element elementor-element-61c8508 e-flex e-con-boxed e-con e-parent\" data-id=\"61c8508\" data-element_type=\"container\" data-settings=\"{&quot;background_background&quot;:&quot;classic&quot;}\">\n\t\t\t\t\t<div class=\"e-con-inner\">\n\t\t<div class=\"elementor-element elementor-element-b45a311 e-con-full e-flex e-con e-child\" data-id=\"b45a311\" data-element_type=\"container\">\n\t\t<div class=\"elementor-element elementor-element-764785e e-con-full container e-flex e-con e-child\" data-id=\"764785e\" data-element_type=\"container\" data-settings=\"{&quot;background_background&quot;:&quot;classic&quot;}\">\n\t\t\t\t<div class=\"elementor-element elementor-element-3ed58df elementor-widget elementor-widget-heading\" data-id=\"3ed58df\" data-element_type=\"widget\" data-widget_type=\"heading.default\">\n\t\t\t\t<div class=\"elementor-widget-container\">\n\t\t\t\t\t<h2 class=\"elementor-heading-title elementor-size-default\">Miss\u00e3o<\/h2>\t\t\t\t<\/div>\n\t\t\t\t<\/div>\n\t\t\t\t<div class=\"elementor-element elementor-element-366132f elementor-widget elementor-widget-text-editor\" data-id=\"366132f\" data-element_type=\"widget\" data-widget_type=\"text-editor.default\">\n\t\t\t\t<div class=\"elementor-widget-container\">\n\t\t\t\t\t\t\t\t\tA nossa miss\u00e3o \u00e9 desenvolver lou\u00e7a de mesa em gr\u00e9s, garantindo qualidade ao melhor pre\u00e7o.\t\t\t\t\t\t\t\t<\/div>\n\t\t\t\t<\/div>\n\t\t\t\t<\/div>\n\t\t<div class=\"elementor-element elementor-element-dc228ff e-con-full container e-flex e-con e-child\" data-id=\"dc228ff\" data-element_type=\"container\" data-settings=\"{&quot;background_background&quot;:&quot;classic&quot;}\">\n\t\t\t\t<div class=\"elementor-element elementor-element-23f63f5 elementor-widget elementor-widget-heading\" data-id=\"23f63f5\" data-element_type=\"widget\" data-widget_type=\"heading.default\">\n\t\t\t\t<div class=\"elementor-widget-container\">\n\t\t\t\t\t<h2 class=\"elementor-heading-title elementor-size-default\">Vis\u00e3o<\/h2>\t\t\t\t<\/div>\n\t\t\t\t<\/div>\n\t\t\t\t<div class=\"elementor-element elementor-element-71d771a elementor-widget elementor-widget-text-editor\" data-id=\"71d771a\" data-element_type=\"widget\" data-widget_type=\"text-editor.default\">\n\t\t\t\t<div class=\"elementor-widget-container\">\n\t\t\t\t\t\t\t\t\tSer reconhecida como uma empresa de refer\u00eancia no sector da loi\u00e7a de mesa em cer\u00e2mica.\t\t\t\t\t\t\t\t<\/div>\n\t\t\t\t<\/div>\n\t\t\t\t<\/div>\n\t\t<div class=\"elementor-element elementor-element-5737200 e-con-full container e-flex e-con e-child\" data-id=\"5737200\" data-element_type=\"container\" data-settings=\"{&quot;background_background&quot;:&quot;classic&quot;}\">\n\t\t\t\t<div class=\"elementor-element elementor-element-63e3170 elementor-widget elementor-widget-heading\" data-id=\"63e3170\" data-element_type=\"widget\" data-widget_type=\"heading.default\">\n\t\t\t\t<div class=\"elementor-widget-container\">\n\t\t\t\t\t<h2 class=\"elementor-heading-title elementor-size-default\">Valores<\/h2>\t\t\t\t<\/div>\n\t\t\t\t<\/div>\n\t\t\t\t<div class=\"elementor-element elementor-element-90376f3 elementor-widget elementor-widget-text-editor\" data-id=\"90376f3\" data-element_type=\"widget\" data-widget_type=\"text-editor.default\">\n\t\t\t\t<div class=\"elementor-widget-container\">\n\t\t\t\t\t\t\t\t\tA Villacer acompanha a evolu\u00e7\u00e3o do mercado mundial e antecipa as necessidades, apostando em novas tecnologias e produtos. Defendemos a excel\u00eancia, a integridade e a qualidade, melhorando continuamente os nossos servi\u00e7os e produtos.\t\t\t\t\t\t\t\t<\/div>\n\t\t\t\t<\/div>\n\t\t\t\t<\/div>\n\t\t\t\t<\/div>\n\t\t\t\t\t<\/div>\n\t\t\t\t<\/div>\n\t\t<div class=\"elementor-element elementor-element-499e882 elementor-hidden-desktop elementor-hidden-tablet elementor-hidden-mobile e-flex e-con-boxed e-con e-parent\" data-id=\"499e882\" data-element_type=\"container\" data-settings=\"{&quot;background_background&quot;:&quot;classic&quot;}\">\n\t\t\t\t\t<div class=\"e-con-inner\">\n\t\t\t\t<div class=\"elementor-element elementor-element-853361d elementor-widget elementor-widget-heading\" data-id=\"853361d\" data-element_type=\"widget\" data-widget_type=\"heading.default\">\n\t\t\t\t<div class=\"elementor-widget-container\">\n\t\t\t\t\t<h2 class=\"elementor-heading-title elementor-size-default\">Encontre<\/h2>\t\t\t\t<\/div>\n\t\t\t\t<\/div>\n\t\t\t\t<div class=\"elementor-element elementor-element-79cd7d6 elementor-widget elementor-widget-heading\" data-id=\"79cd7d6\" data-element_type=\"widget\" data-widget_type=\"heading.default\">\n\t\t\t\t<div class=\"elementor-widget-container\">\n\t\t\t\t\t<h2 class=\"elementor-heading-title elementor-size-default\">as nossas marcas<\/h2>\t\t\t\t<\/div>\n\t\t\t\t<\/div>\n\t\t<div class=\"elementor-element elementor-element-9a72fac e-con-full e-flex e-con e-child\" data-id=\"9a72fac\" data-element_type=\"container\">\n\t\t<div class=\"elementor-element elementor-element-c9b2d45 e-con-full container e-flex e-con e-child\" data-id=\"c9b2d45\" data-element_type=\"container\">\n\t\t\t\t<div class=\"elementor-element elementor-element-d319350 elementor-widget elementor-widget-image\" data-id=\"d319350\" data-element_type=\"widget\" data-widget_type=\"image.default\">\n\t\t\t\t<div class=\"elementor-widget-container\">\n\t\t\t\t\t\t\t\t\t\t\t\t\t\t\t\t<a href=\"https:\/\/www.vasicol.com\/\" target=\"_blank\">\n\t\t\t\t\t\t\t<img loading=\"lazy\" decoding=\"async\" width=\"1177\" height=\"451\" src=\"https:\/\/kreative-web.pt\/vasicol\/wp-content\/uploads\/2024\/09\/vasicol-logo-01.webp\" class=\"attachment-full size-full wp-image-2521\" alt=\"\" srcset=\"https:\/\/kreative-web.pt\/vasicol\/wp-content\/uploads\/2024\/09\/vasicol-logo-01.webp 1177w, https:\/\/kreative-web.pt\/vasicol\/wp-content\/uploads\/2024\/09\/vasicol-logo-01-300x115.webp 300w, https:\/\/kreative-web.pt\/vasicol\/wp-content\/uploads\/2024\/09\/vasicol-logo-01-1024x392.webp 1024w, https:\/\/kreative-web.pt\/vasicol\/wp-content\/uploads\/2024\/09\/vasicol-logo-01-768x294.webp 768w\" sizes=\"(max-width: 1177px) 100vw, 1177px\" \/>\t\t\t\t\t\t\t\t<\/a>\n\t\t\t\t\t\t\t\t\t\t\t\t\t\t\t<\/div>\n\t\t\t\t<\/div>\n\t\t\t\t<div class=\"elementor-element elementor-element-e3cf97f elementor-widget elementor-widget-text-editor\" data-id=\"e3cf97f\" data-element_type=\"widget\" data-widget_type=\"text-editor.default\">\n\t\t\t\t<div class=\"elementor-widget-container\">\n\t\t\t\t\t\t\t\t\t<p>Desde o in\u00edcio que o nosso compromisso \u00e9 olhar sempre para o futuro com um sentido de desafio e de responsabilidade para com os nossos parceiros, mas tamb\u00e9m olhar para o nosso passado com orgulho no nosso percurso e tamb\u00e9m no que alcan\u00e7\u00e1mos at\u00e9 agora.<\/p>\t\t\t\t\t\t\t\t<\/div>\n\t\t\t\t<\/div>\n\t\t\t\t<\/div>\n\t\t<div class=\"elementor-element elementor-element-c353a9e e-con-full container e-flex e-con e-child\" data-id=\"c353a9e\" data-element_type=\"container\">\n\t\t\t\t<div class=\"elementor-element elementor-element-ab8aa91 elementor-widget elementor-widget-image\" data-id=\"ab8aa91\" data-element_type=\"widget\" data-widget_type=\"image.default\">\n\t\t\t\t<div class=\"elementor-widget-container\">\n\t\t\t\t\t\t\t\t\t\t\t\t\t\t\t\t<a href=\"https:\/\/mariaterracota.com\/\" target=\"_blank\">\n\t\t\t\t\t\t\t<img loading=\"lazy\" decoding=\"async\" width=\"140\" height=\"140\" src=\"https:\/\/kreative-web.pt\/vasicol\/wp-content\/uploads\/2024\/09\/marca-mariaterracota-logo.png\" class=\"attachment-large size-large wp-image-2520\" alt=\"\" \/>\t\t\t\t\t\t\t\t<\/a>\n\t\t\t\t\t\t\t\t\t\t\t\t\t\t\t<\/div>\n\t\t\t\t<\/div>\n\t\t\t\t<div class=\"elementor-element elementor-element-5496187 elementor-widget elementor-widget-text-editor\" data-id=\"5496187\" data-element_type=\"widget\" data-widget_type=\"text-editor.default\">\n\t\t\t\t<div class=\"elementor-widget-container\">\n\t\t\t\t\t\t\t\t\t<p>A marca MARIA concentra-se em fornecer arte de alta qualidade, bem concebida e acess\u00edvel em quantidades limitadas. As suas colec\u00e7\u00f5es inspiram-se em cer\u00e2micas hist\u00f3ricas, processos antigos e na riqueza visual das tradi\u00e7\u00f5es portuguesas.<\/p>\t\t\t\t\t\t\t\t<\/div>\n\t\t\t\t<\/div>\n\t\t\t\t<\/div>\n\t\t<div class=\"elementor-element elementor-element-652e5b3 e-con-full container e-flex e-con e-child\" data-id=\"652e5b3\" data-element_type=\"container\">\n\t\t\t\t<div class=\"elementor-element elementor-element-f2be0b8 elementor-widget elementor-widget-image\" data-id=\"f2be0b8\" data-element_type=\"widget\" data-widget_type=\"image.default\">\n\t\t\t\t<div class=\"elementor-widget-container\">\n\t\t\t\t\t\t\t\t\t\t\t\t\t\t\t\t<a href=\"https:\/\/rccontainers.com\/\" target=\"_blank\">\n\t\t\t\t\t\t\t<img loading=\"lazy\" decoding=\"async\" width=\"800\" height=\"364\" src=\"https:\/\/kreative-web.pt\/vasicol\/wp-content\/uploads\/2024\/09\/RC-.-logo-branding_horizontal_preto-1024x466.webp\" class=\"attachment-large size-large wp-image-2522\" alt=\"\" srcset=\"https:\/\/kreative-web.pt\/vasicol\/wp-content\/uploads\/2024\/09\/RC-.-logo-branding_horizontal_preto-1024x466.webp 1024w, https:\/\/kreative-web.pt\/vasicol\/wp-content\/uploads\/2024\/09\/RC-.-logo-branding_horizontal_preto-300x137.webp 300w, https:\/\/kreative-web.pt\/vasicol\/wp-content\/uploads\/2024\/09\/RC-.-logo-branding_horizontal_preto-768x350.webp 768w, https:\/\/kreative-web.pt\/vasicol\/wp-content\/uploads\/2024\/09\/RC-.-logo-branding_horizontal_preto-1536x699.webp 1536w, https:\/\/kreative-web.pt\/vasicol\/wp-content\/uploads\/2024\/09\/RC-.-logo-branding_horizontal_preto.webp 1854w\" sizes=\"(max-width: 800px) 100vw, 800px\" \/>\t\t\t\t\t\t\t\t<\/a>\n\t\t\t\t\t\t\t\t\t\t\t\t\t\t\t<\/div>\n\t\t\t\t<\/div>\n\t\t\t\t<div class=\"elementor-element elementor-element-b2e2ce4 elementor-widget elementor-widget-text-editor\" data-id=\"b2e2ce4\" data-element_type=\"widget\" data-widget_type=\"text-editor.default\">\n\t\t\t\t<div class=\"elementor-widget-container\">\n\t\t\t\t\t\t\t\t\t<p>A R&amp;C \u00e9 uma empresa dedicada \u00e0 conce\u00e7\u00e3o, desenvolvimento e fabrico de vasos e recipientes em gr\u00e9s de alta qualidade, especializada em floricultura, viveiros e jardinagem.<\/p>\t\t\t\t\t\t\t\t<\/div>\n\t\t\t\t<\/div>\n\t\t\t\t<\/div>\n\t\t\t\t<\/div>\n\t\t\t\t\t<\/div>\n\t\t\t\t<\/div>\n\t\t\t\t<\/div>\n\t\t","protected":false},"excerpt":{"rendered":"<p>Sobre n\u00f3s Cada pe\u00e7a que criamos \u00e9 um reflexo do nosso compromisso com a qualidade A Villacer \u00e9 uma marca din\u00e2mica portuguesa, dedicada \u00e0 produ\u00e7\u00e3o de cer\u00e2mica de loi\u00e7a de alta qualidade. Fundada em 2018, a marca \u00e9 impulsionada por uma constante aten\u00e7\u00e3o \u00e0s tend\u00eancias atuais, lan\u00e7ando cole\u00e7\u00f5es que refletem o ritmo do design internacional [&hellip;]<\/p>\n","protected":false},"author":1,"featured_media":0,"parent":0,"menu_order":0,"comment_status":"closed","ping_status":"closed","template":"elementor_header_footer","meta":{"footnotes":""},"class_list":["post-2609","page","type-page","status-publish","hentry"],"_links":{"self":[{"href":"https:\/\/kreative-web.pt\/vasicol\/pt-pt\/wp-json\/wp\/v2\/pages\/2609","targetHints":{"allow":["GET"]}}],"collection":[{"href":"https:\/\/kreative-web.pt\/vasicol\/pt-pt\/wp-json\/wp\/v2\/pages"}],"about":[{"href":"https:\/\/kreative-web.pt\/vasicol\/pt-pt\/wp-json\/wp\/v2\/types\/page"}],"author":[{"embeddable":true,"href":"https:\/\/kreative-web.pt\/vasicol\/pt-pt\/wp-json\/wp\/v2\/users\/1"}],"replies":[{"embeddable":true,"href":"https:\/\/kreative-web.pt\/vasicol\/pt-pt\/wp-json\/wp\/v2\/comments?post=2609"}],"version-history":[{"count":5,"href":"https:\/\/kreative-web.pt\/vasicol\/pt-pt\/wp-json\/wp\/v2\/pages\/2609\/revisions"}],"predecessor-version":[{"id":2687,"href":"https:\/\/kreative-web.pt\/vasicol\/pt-pt\/wp-json\/wp\/v2\/pages\/2609\/revisions\/2687"}],"wp:attachment":[{"href":"https:\/\/kreative-web.pt\/vasicol\/pt-pt\/wp-json\/wp\/v2\/media?parent=2609"}],"curies":[{"name":"wp","href":"https:\/\/api.w.org\/{rel}","templated":true}]}}