{"id":841,"date":"2025-01-16T12:23:17","date_gmt":"2025-01-16T12:23:17","guid":{"rendered":"https:\/\/kreative-web.pt\/rigorcopia\/?page_id=841"},"modified":"2025-01-17T12:21:46","modified_gmt":"2025-01-17T12:21:46","slug":"manutencao-reparacao","status":"publish","type":"page","link":"https:\/\/kreative-web.pt\/rigorcopia\/manutencao-reparacao\/","title":{"rendered":"Manuten\u00e7\u00e3o \/ Repara\u00e7\u00e3o"},"content":{"rendered":"\t\t<div data-elementor-type=\"wp-page\" data-elementor-id=\"841\" class=\"elementor elementor-841\" data-elementor-post-type=\"page\">\n\t\t\t\t<div class=\"elementor-element elementor-element-28dba6f e-flex e-con-boxed e-con e-parent\" data-id=\"28dba6f\" data-element_type=\"container\" data-settings=\"{&quot;background_background&quot;:&quot;classic&quot;}\">\n\t\t\t\t\t<div class=\"e-con-inner\">\n\t\t<div class=\"elementor-element elementor-element-cadabfa e-con-full e-flex e-con e-child\" data-id=\"cadabfa\" data-element_type=\"container\">\n\t\t\t\t<div class=\"elementor-element elementor-element-c53c004 elementor-widget elementor-widget-heading\" data-id=\"c53c004\" data-element_type=\"widget\" data-widget_type=\"heading.default\">\n\t\t\t\t<div class=\"elementor-widget-container\">\n\t\t\t\t\t<h6 class=\"elementor-heading-title elementor-size-default\">Servi\u00e7os<\/h6>\t\t\t\t<\/div>\n\t\t\t\t<\/div>\n\t\t\t\t<div class=\"elementor-element elementor-element-4da6ce8 elementor-widget elementor-widget-heading\" data-id=\"4da6ce8\" data-element_type=\"widget\" data-widget_type=\"heading.default\">\n\t\t\t\t<div class=\"elementor-widget-container\">\n\t\t\t\t\t<h1 class=\"elementor-heading-title elementor-size-default\">Manuten\u00e7\u00e3o <br>e Repara\u00e7\u00e3o<\/h1>\t\t\t\t<\/div>\n\t\t\t\t<\/div>\n\t\t\t\t<\/div>\n\t\t<div class=\"elementor-element elementor-element-f5d0a8f e-con-full e-flex e-con e-child\" data-id=\"f5d0a8f\" data-element_type=\"container\">\n\t\t\t\t<div class=\"elementor-element elementor-element-653725b e-transform elementor-widget elementor-widget-image\" data-id=\"653725b\" data-element_type=\"widget\" data-settings=\"{&quot;_transform_rotateZ_effect&quot;:{&quot;unit&quot;:&quot;px&quot;,&quot;size&quot;:3,&quot;sizes&quot;:[]},&quot;_transform_rotateZ_effect_tablet&quot;:{&quot;unit&quot;:&quot;deg&quot;,&quot;size&quot;:&quot;&quot;,&quot;sizes&quot;:[]},&quot;_transform_rotateZ_effect_mobile&quot;:{&quot;unit&quot;:&quot;deg&quot;,&quot;size&quot;:&quot;&quot;,&quot;sizes&quot;:[]}}\" data-widget_type=\"image.default\">\n\t\t\t\t<div class=\"elementor-widget-container\">\n\t\t\t\t\t\t\t\t\t\t\t\t\t\t\t<img fetchpriority=\"high\" decoding=\"async\" width=\"900\" height=\"809\" src=\"https:\/\/kreative-web.pt\/rigorcopia\/wp-content\/uploads\/2025\/01\/manutencao-reparacao-1.webp\" class=\"attachment-full size-full wp-image-901\" alt=\"\" srcset=\"https:\/\/kreative-web.pt\/rigorcopia\/wp-content\/uploads\/2025\/01\/manutencao-reparacao-1.webp 900w, https:\/\/kreative-web.pt\/rigorcopia\/wp-content\/uploads\/2025\/01\/manutencao-reparacao-1-300x270.webp 300w, https:\/\/kreative-web.pt\/rigorcopia\/wp-content\/uploads\/2025\/01\/manutencao-reparacao-1-768x690.webp 768w\" sizes=\"(max-width: 900px) 100vw, 900px\" \/>\t\t\t\t\t\t\t\t\t\t\t\t\t\t\t<\/div>\n\t\t\t\t<\/div>\n\t\t\t\t<\/div>\n\t\t\t\t\t<\/div>\n\t\t\t\t<\/div>\n\t\t<div class=\"elementor-element elementor-element-58e30fc e-flex e-con-boxed e-con e-parent\" data-id=\"58e30fc\" data-element_type=\"container\">\n\t\t\t\t\t<div class=\"e-con-inner\">\n\t\t<div class=\"elementor-element elementor-element-37eeab6 e-con-full e-flex e-con e-child\" data-id=\"37eeab6\" data-element_type=\"container\">\n\t\t\t\t<div class=\"elementor-element elementor-element-96bb9df elementor-widget elementor-widget-image\" data-id=\"96bb9df\" data-element_type=\"widget\" data-widget_type=\"image.default\">\n\t\t\t\t<div class=\"elementor-widget-container\">\n\t\t\t\t\t\t\t\t\t\t\t\t\t\t\t<img decoding=\"async\" width=\"800\" height=\"597\" src=\"https:\/\/kreative-web.pt\/rigorcopia\/wp-content\/uploads\/2025\/01\/manutencao-reparacao-1024x764.webp\" class=\"attachment-large size-large wp-image-896\" alt=\"\" srcset=\"https:\/\/kreative-web.pt\/rigorcopia\/wp-content\/uploads\/2025\/01\/manutencao-reparacao-1024x764.webp 1024w, https:\/\/kreative-web.pt\/rigorcopia\/wp-content\/uploads\/2025\/01\/manutencao-reparacao-300x224.webp 300w, https:\/\/kreative-web.pt\/rigorcopia\/wp-content\/uploads\/2025\/01\/manutencao-reparacao-768x573.webp 768w, https:\/\/kreative-web.pt\/rigorcopia\/wp-content\/uploads\/2025\/01\/manutencao-reparacao-1536x1147.webp 1536w, https:\/\/kreative-web.pt\/rigorcopia\/wp-content\/uploads\/2025\/01\/manutencao-reparacao.webp 1700w\" sizes=\"(max-width: 800px) 100vw, 800px\" \/>\t\t\t\t\t\t\t\t\t\t\t\t\t\t\t<\/div>\n\t\t\t\t<\/div>\n\t\t\t\t<\/div>\n\t\t<div class=\"elementor-element elementor-element-7d166db e-con-full e-flex e-con e-child\" data-id=\"7d166db\" data-element_type=\"container\">\n\t\t\t\t<div class=\"elementor-element elementor-element-0050edd elementor-widget elementor-widget-text-editor\" data-id=\"0050edd\" data-element_type=\"widget\" data-widget_type=\"text-editor.default\">\n\t\t\t\t<div class=\"elementor-widget-container\">\n\t\t\t\t\t\t\t\t\t<p>Cada vez mais, os equipamentos inform\u00e1ticos s\u00e3o fundamentais para o funcionamento das empresas, sem eles as empresas param.<\/p><p>A Rigorcopia conta com um departamento t\u00e9cnico altamente qualificado, para que possa responder \u00e0s necessidades dos seus clientes, e desta forma maximizar a disponibilidade dos equipamentos, quer atrav\u00e9s da manuten\u00e7\u00e3o preventiva, quer da r\u00e1pida repara\u00e7\u00e3o ou substitui\u00e7\u00e3o dos mesmos.<\/p>\t\t\t\t\t\t\t\t<\/div>\n\t\t\t\t<\/div>\n\t\t\t\t<\/div>\n\t\t\t\t\t<\/div>\n\t\t\t\t<\/div>\n\t\t\t\t<\/div>\n\t\t","protected":false},"excerpt":{"rendered":"<p>Servi\u00e7os Manuten\u00e7\u00e3o e Repara\u00e7\u00e3o Cada vez mais, os equipamentos inform\u00e1ticos s\u00e3o fundamentais para o funcionamento das empresas, sem eles as empresas param. A Rigorcopia conta com um departamento t\u00e9cnico altamente qualificado, para que possa responder \u00e0s necessidades dos seus clientes, e desta forma maximizar a disponibilidade dos equipamentos, quer atrav\u00e9s da manuten\u00e7\u00e3o preventiva, quer da [&hellip;]<\/p>\n","protected":false},"author":1,"featured_media":0,"parent":0,"menu_order":0,"comment_status":"closed","ping_status":"closed","template":"","meta":{"footnotes":""},"class_list":["post-841","page","type-page","status-publish","hentry"],"_links":{"self":[{"href":"https:\/\/kreative-web.pt\/rigorcopia\/wp-json\/wp\/v2\/pages\/841","targetHints":{"allow":["GET"]}}],"collection":[{"href":"https:\/\/kreative-web.pt\/rigorcopia\/wp-json\/wp\/v2\/pages"}],"about":[{"href":"https:\/\/kreative-web.pt\/rigorcopia\/wp-json\/wp\/v2\/types\/page"}],"author":[{"embeddable":true,"href":"https:\/\/kreative-web.pt\/rigorcopia\/wp-json\/wp\/v2\/users\/1"}],"replies":[{"embeddable":true,"href":"https:\/\/kreative-web.pt\/rigorcopia\/wp-json\/wp\/v2\/comments?post=841"}],"version-history":[{"count":5,"href":"https:\/\/kreative-web.pt\/rigorcopia\/wp-json\/wp\/v2\/pages\/841\/revisions"}],"predecessor-version":[{"id":904,"href":"https:\/\/kreative-web.pt\/rigorcopia\/wp-json\/wp\/v2\/pages\/841\/revisions\/904"}],"wp:attachment":[{"href":"https:\/\/kreative-web.pt\/rigorcopia\/wp-json\/wp\/v2\/media?parent=841"}],"curies":[{"name":"wp","href":"https:\/\/api.w.org\/{rel}","templated":true}]}}