{"id":760,"date":"2025-01-16T10:48:39","date_gmt":"2025-01-16T10:48:39","guid":{"rendered":"https:\/\/kreative-web.pt\/rigorcopia\/?page_id=760"},"modified":"2025-01-17T12:40:43","modified_gmt":"2025-01-17T12:40:43","slug":"sistemas-de-pesagem","status":"publish","type":"page","link":"https:\/\/kreative-web.pt\/rigorcopia\/sistemas-de-pesagem\/","title":{"rendered":"Sistemas de Pesagem"},"content":{"rendered":"\t\t<div data-elementor-type=\"wp-page\" data-elementor-id=\"760\" class=\"elementor elementor-760\" data-elementor-post-type=\"page\">\n\t\t\t\t<div class=\"elementor-element elementor-element-576e369 e-flex e-con-boxed e-con e-parent\" data-id=\"576e369\" data-element_type=\"container\" data-settings=\"{&quot;background_background&quot;:&quot;classic&quot;}\">\n\t\t\t\t\t<div class=\"e-con-inner\">\n\t\t<div class=\"elementor-element elementor-element-76677fa e-con-full e-flex e-con e-child\" data-id=\"76677fa\" data-element_type=\"container\">\n\t\t\t\t<div class=\"elementor-element elementor-element-30c5162 elementor-widget elementor-widget-heading\" data-id=\"30c5162\" data-element_type=\"widget\" data-widget_type=\"heading.default\">\n\t\t\t\t<div class=\"elementor-widget-container\">\n\t\t\t\t\t<h6 class=\"elementor-heading-title elementor-size-default\">Servi\u00e7os<\/h6>\t\t\t\t<\/div>\n\t\t\t\t<\/div>\n\t\t\t\t<div class=\"elementor-element elementor-element-f0005d6 elementor-widget elementor-widget-heading\" data-id=\"f0005d6\" data-element_type=\"widget\" data-widget_type=\"heading.default\">\n\t\t\t\t<div class=\"elementor-widget-container\">\n\t\t\t\t\t<h1 class=\"elementor-heading-title elementor-size-default\">Sistemas de Pesagem<\/h1>\t\t\t\t<\/div>\n\t\t\t\t<\/div>\n\t\t\t\t<\/div>\n\t\t<div class=\"elementor-element elementor-element-8ca23c9 e-con-full e-flex e-con e-child\" data-id=\"8ca23c9\" data-element_type=\"container\">\n\t\t\t\t<div class=\"elementor-element elementor-element-98ad39c elementor-widget elementor-widget-image\" data-id=\"98ad39c\" data-element_type=\"widget\" data-widget_type=\"image.default\">\n\t\t\t\t<div class=\"elementor-widget-container\">\n\t\t\t\t\t\t\t\t\t\t\t\t\t\t\t<img fetchpriority=\"high\" decoding=\"async\" width=\"796\" height=\"977\" src=\"https:\/\/kreative-web.pt\/rigorcopia\/wp-content\/uploads\/2025\/01\/balanca-bm5.webp\" class=\"attachment-full size-full wp-image-908\" alt=\"\" srcset=\"https:\/\/kreative-web.pt\/rigorcopia\/wp-content\/uploads\/2025\/01\/balanca-bm5.webp 796w, https:\/\/kreative-web.pt\/rigorcopia\/wp-content\/uploads\/2025\/01\/balanca-bm5-244x300.webp 244w, https:\/\/kreative-web.pt\/rigorcopia\/wp-content\/uploads\/2025\/01\/balanca-bm5-768x943.webp 768w\" sizes=\"(max-width: 796px) 100vw, 796px\" \/>\t\t\t\t\t\t\t\t\t\t\t\t\t\t\t<\/div>\n\t\t\t\t<\/div>\n\t\t\t\t<\/div>\n\t\t\t\t\t<\/div>\n\t\t\t\t<\/div>\n\t\t<div class=\"elementor-element elementor-element-c712394 e-flex e-con-boxed e-con e-parent\" data-id=\"c712394\" data-element_type=\"container\">\n\t\t\t\t\t<div class=\"e-con-inner\">\n\t\t<div class=\"elementor-element elementor-element-85ff977 e-con-full e-flex e-con e-child\" data-id=\"85ff977\" data-element_type=\"container\">\n\t\t\t\t<div class=\"elementor-element elementor-element-9267e7a elementor-widget elementor-widget-image\" data-id=\"9267e7a\" data-element_type=\"widget\" data-widget_type=\"image.default\">\n\t\t\t\t<div class=\"elementor-widget-container\">\n\t\t\t\t\t\t\t\t\t\t\t\t\t\t\t<img decoding=\"async\" width=\"800\" height=\"640\" src=\"https:\/\/kreative-web.pt\/rigorcopia\/wp-content\/uploads\/2025\/01\/sistemas-pesagem_rigorcopia.webp\" class=\"attachment-large size-large wp-image-781\" alt=\"\" srcset=\"https:\/\/kreative-web.pt\/rigorcopia\/wp-content\/uploads\/2025\/01\/sistemas-pesagem_rigorcopia.webp 1000w, https:\/\/kreative-web.pt\/rigorcopia\/wp-content\/uploads\/2025\/01\/sistemas-pesagem_rigorcopia-300x240.webp 300w, https:\/\/kreative-web.pt\/rigorcopia\/wp-content\/uploads\/2025\/01\/sistemas-pesagem_rigorcopia-768x614.webp 768w\" sizes=\"(max-width: 800px) 100vw, 800px\" \/>\t\t\t\t\t\t\t\t\t\t\t\t\t\t\t<\/div>\n\t\t\t\t<\/div>\n\t\t\t\t<\/div>\n\t\t<div class=\"elementor-element elementor-element-35f4544 e-con-full e-flex e-con e-child\" data-id=\"35f4544\" data-element_type=\"container\">\n\t\t\t\t<div class=\"elementor-element elementor-element-052ae54 elementor-widget elementor-widget-text-editor\" data-id=\"052ae54\" data-element_type=\"widget\" data-widget_type=\"text-editor.default\">\n\t\t\t\t<div class=\"elementor-widget-container\">\n\t\t\t\t\t\t\t\t\t<p class=\"p1\">As balan\u00e7as comerciais s\u00e3o essenciais para garantir precis\u00e3o e efici\u00eancia em vendas e opera\u00e7\u00f5es comerciais.<br \/>Oferecem recursos como c\u00e1lculo de pre\u00e7o, tara e mem\u00f3ria de produtos. Podem tamb\u00e9m imprimir tiquets ou etiquetas e t\u00eam que cumprir as normas da Metrologia Legal [M]. Ideais para mercados, padarias, feiras e outros estabelecimentos, essas balan\u00e7as proporcionam confian\u00e7a na pesagem de produtos e ajudam a agilizar o atendimento ao cliente.<\/p><p class=\"p1\">Escolha a balan\u00e7a comercial perfeita para o seu neg\u00f3cio e garanta pesagens exatas e seguras.<\/p>\t\t\t\t\t\t\t\t<\/div>\n\t\t\t\t<\/div>\n\t\t\t\t<\/div>\n\t\t\t\t\t<\/div>\n\t\t\t\t<\/div>\n\t\t\t\t<\/div>\n\t\t","protected":false},"excerpt":{"rendered":"<p>Servi\u00e7os Sistemas de Pesagem As balan\u00e7as comerciais s\u00e3o essenciais para garantir precis\u00e3o e efici\u00eancia em vendas e opera\u00e7\u00f5es comerciais.Oferecem recursos como c\u00e1lculo de pre\u00e7o, tara e mem\u00f3ria de produtos. Podem tamb\u00e9m imprimir tiquets ou etiquetas e t\u00eam que cumprir as normas da Metrologia Legal [M]. Ideais para mercados, padarias, feiras e outros estabelecimentos, essas balan\u00e7as [&hellip;]<\/p>\n","protected":false},"author":1,"featured_media":0,"parent":0,"menu_order":0,"comment_status":"closed","ping_status":"closed","template":"","meta":{"footnotes":""},"class_list":["post-760","page","type-page","status-publish","hentry"],"_links":{"self":[{"href":"https:\/\/kreative-web.pt\/rigorcopia\/wp-json\/wp\/v2\/pages\/760","targetHints":{"allow":["GET"]}}],"collection":[{"href":"https:\/\/kreative-web.pt\/rigorcopia\/wp-json\/wp\/v2\/pages"}],"about":[{"href":"https:\/\/kreative-web.pt\/rigorcopia\/wp-json\/wp\/v2\/types\/page"}],"author":[{"embeddable":true,"href":"https:\/\/kreative-web.pt\/rigorcopia\/wp-json\/wp\/v2\/users\/1"}],"replies":[{"embeddable":true,"href":"https:\/\/kreative-web.pt\/rigorcopia\/wp-json\/wp\/v2\/comments?post=760"}],"version-history":[{"count":5,"href":"https:\/\/kreative-web.pt\/rigorcopia\/wp-json\/wp\/v2\/pages\/760\/revisions"}],"predecessor-version":[{"id":917,"href":"https:\/\/kreative-web.pt\/rigorcopia\/wp-json\/wp\/v2\/pages\/760\/revisions\/917"}],"wp:attachment":[{"href":"https:\/\/kreative-web.pt\/rigorcopia\/wp-json\/wp\/v2\/media?parent=760"}],"curies":[{"name":"wp","href":"https:\/\/api.w.org\/{rel}","templated":true}]}}