{"id":733,"date":"2025-01-16T10:36:08","date_gmt":"2025-01-16T10:36:08","guid":{"rendered":"https:\/\/kreative-web.pt\/rigorcopia\/?page_id=733"},"modified":"2025-01-16T10:47:08","modified_gmt":"2025-01-16T10:47:08","slug":"redes-estruturadas","status":"publish","type":"page","link":"https:\/\/kreative-web.pt\/rigorcopia\/redes-estruturadas\/","title":{"rendered":"Redes Estruturadas"},"content":{"rendered":"\t\t<div data-elementor-type=\"wp-page\" data-elementor-id=\"733\" class=\"elementor elementor-733\" data-elementor-post-type=\"page\">\n\t\t\t\t<div class=\"elementor-element elementor-element-c4db159 e-flex e-con-boxed e-con e-parent\" data-id=\"c4db159\" data-element_type=\"container\" data-settings=\"{&quot;background_background&quot;:&quot;classic&quot;}\">\n\t\t\t\t\t<div class=\"e-con-inner\">\n\t\t<div class=\"elementor-element elementor-element-821d5a5 e-con-full e-flex e-con e-child\" data-id=\"821d5a5\" data-element_type=\"container\">\n\t\t\t\t<div class=\"elementor-element elementor-element-2660dcc elementor-widget elementor-widget-heading\" data-id=\"2660dcc\" data-element_type=\"widget\" data-widget_type=\"heading.default\">\n\t\t\t\t<div class=\"elementor-widget-container\">\n\t\t\t\t\t<h6 class=\"elementor-heading-title elementor-size-default\">Servi\u00e7os<\/h6>\t\t\t\t<\/div>\n\t\t\t\t<\/div>\n\t\t\t\t<div class=\"elementor-element elementor-element-def988f elementor-widget elementor-widget-heading\" data-id=\"def988f\" data-element_type=\"widget\" data-widget_type=\"heading.default\">\n\t\t\t\t<div class=\"elementor-widget-container\">\n\t\t\t\t\t<h1 class=\"elementor-heading-title elementor-size-default\">Redes Estruturadas<\/h1>\t\t\t\t<\/div>\n\t\t\t\t<\/div>\n\t\t\t\t<\/div>\n\t\t<div class=\"elementor-element elementor-element-b1ebe69 e-con-full e-flex e-con e-child\" data-id=\"b1ebe69\" data-element_type=\"container\">\n\t\t\t\t<div class=\"elementor-element elementor-element-f28e873 elementor-widget elementor-widget-image\" data-id=\"f28e873\" data-element_type=\"widget\" data-widget_type=\"image.default\">\n\t\t\t\t<div class=\"elementor-widget-container\">\n\t\t\t\t\t\t\t\t\t\t\t\t\t\t\t<img fetchpriority=\"high\" decoding=\"async\" width=\"842\" height=\"415\" src=\"https:\/\/kreative-web.pt\/rigorcopia\/wp-content\/uploads\/2025\/01\/cabos_rede-estruturada_rigorcopia.webp\" class=\"attachment-full size-full wp-image-755\" alt=\"\" srcset=\"https:\/\/kreative-web.pt\/rigorcopia\/wp-content\/uploads\/2025\/01\/cabos_rede-estruturada_rigorcopia.webp 842w, https:\/\/kreative-web.pt\/rigorcopia\/wp-content\/uploads\/2025\/01\/cabos_rede-estruturada_rigorcopia-300x148.webp 300w, https:\/\/kreative-web.pt\/rigorcopia\/wp-content\/uploads\/2025\/01\/cabos_rede-estruturada_rigorcopia-768x379.webp 768w\" sizes=\"(max-width: 842px) 100vw, 842px\" \/>\t\t\t\t\t\t\t\t\t\t\t\t\t\t\t<\/div>\n\t\t\t\t<\/div>\n\t\t\t\t<\/div>\n\t\t\t\t\t<\/div>\n\t\t\t\t<\/div>\n\t\t<div class=\"elementor-element elementor-element-7f82f27 e-flex e-con-boxed e-con e-parent\" data-id=\"7f82f27\" data-element_type=\"container\">\n\t\t\t\t\t<div class=\"e-con-inner\">\n\t\t<div class=\"elementor-element elementor-element-2dfd403 e-con-full e-flex e-con e-child\" data-id=\"2dfd403\" data-element_type=\"container\">\n\t\t\t\t<div class=\"elementor-element elementor-element-70d59e4 elementor-widget elementor-widget-image\" data-id=\"70d59e4\" data-element_type=\"widget\" data-widget_type=\"image.default\">\n\t\t\t\t<div class=\"elementor-widget-container\">\n\t\t\t\t\t\t\t\t\t\t\t\t\t\t\t<img decoding=\"async\" width=\"800\" height=\"437\" src=\"https:\/\/kreative-web.pt\/rigorcopia\/wp-content\/uploads\/2025\/01\/fundo_redes-estruturadas-1024x559.webp\" class=\"attachment-large size-large wp-image-729\" alt=\"\" srcset=\"https:\/\/kreative-web.pt\/rigorcopia\/wp-content\/uploads\/2025\/01\/fundo_redes-estruturadas-1024x559.webp 1024w, https:\/\/kreative-web.pt\/rigorcopia\/wp-content\/uploads\/2025\/01\/fundo_redes-estruturadas-300x164.webp 300w, https:\/\/kreative-web.pt\/rigorcopia\/wp-content\/uploads\/2025\/01\/fundo_redes-estruturadas-768x419.webp 768w, https:\/\/kreative-web.pt\/rigorcopia\/wp-content\/uploads\/2025\/01\/fundo_redes-estruturadas-1536x838.webp 1536w, https:\/\/kreative-web.pt\/rigorcopia\/wp-content\/uploads\/2025\/01\/fundo_redes-estruturadas.webp 1800w\" sizes=\"(max-width: 800px) 100vw, 800px\" \/>\t\t\t\t\t\t\t\t\t\t\t\t\t\t\t<\/div>\n\t\t\t\t<\/div>\n\t\t\t\t<\/div>\n\t\t<div class=\"elementor-element elementor-element-909aa19 e-con-full e-flex e-con e-child\" data-id=\"909aa19\" data-element_type=\"container\">\n\t\t\t\t<div class=\"elementor-element elementor-element-887678d elementor-widget elementor-widget-text-editor\" data-id=\"887678d\" data-element_type=\"widget\" data-widget_type=\"text-editor.default\">\n\t\t\t\t<div class=\"elementor-widget-container\">\n\t\t\t\t\t\t\t\t\t<p><span class=\"s2\">As redes de cabo estruturadas, tem hoje um papel importante na sua empresa, a <\/span><span class=\"s3\">Rigorcopia<\/span><span class=\"s2\"> tem t\u00e9cnicos para implementar todo o tipo de redes de forma a garantir um bom funcionamento do seu sistema inform\u00e1tico.<\/span><\/p><p class=\"p2\">A implementa\u00e7\u00e3o de uma rede permite a partilha da Internet, ficheiros, impressoras e computadores para obter uma maior rapidez e efici\u00eancia na rotina di\u00e1ria, aumentando a produtividade.<\/p><p class=\"p2\">Os nossos servi\u00e7os contemplam tamb\u00e9m a manuten\u00e7\u00e3o, amplia\u00e7\u00e3o e ou renova\u00e7\u00e3o de toda a rede f\u00edsica e wireless.<\/p>\t\t\t\t\t\t\t\t<\/div>\n\t\t\t\t<\/div>\n\t\t\t\t<\/div>\n\t\t\t\t\t<\/div>\n\t\t\t\t<\/div>\n\t\t\t\t<\/div>\n\t\t","protected":false},"excerpt":{"rendered":"<p>Servi\u00e7os Redes Estruturadas As redes de cabo estruturadas, tem hoje um papel importante na sua empresa, a Rigorcopia tem t\u00e9cnicos para implementar todo o tipo de redes de forma a garantir um bom funcionamento do seu sistema inform\u00e1tico. A implementa\u00e7\u00e3o de uma rede permite a partilha da Internet, ficheiros, impressoras e computadores para obter uma [&hellip;]<\/p>\n","protected":false},"author":1,"featured_media":0,"parent":0,"menu_order":0,"comment_status":"closed","ping_status":"closed","template":"","meta":{"footnotes":""},"class_list":["post-733","page","type-page","status-publish","hentry"],"_links":{"self":[{"href":"https:\/\/kreative-web.pt\/rigorcopia\/wp-json\/wp\/v2\/pages\/733","targetHints":{"allow":["GET"]}}],"collection":[{"href":"https:\/\/kreative-web.pt\/rigorcopia\/wp-json\/wp\/v2\/pages"}],"about":[{"href":"https:\/\/kreative-web.pt\/rigorcopia\/wp-json\/wp\/v2\/types\/page"}],"author":[{"embeddable":true,"href":"https:\/\/kreative-web.pt\/rigorcopia\/wp-json\/wp\/v2\/users\/1"}],"replies":[{"embeddable":true,"href":"https:\/\/kreative-web.pt\/rigorcopia\/wp-json\/wp\/v2\/comments?post=733"}],"version-history":[{"count":5,"href":"https:\/\/kreative-web.pt\/rigorcopia\/wp-json\/wp\/v2\/pages\/733\/revisions"}],"predecessor-version":[{"id":758,"href":"https:\/\/kreative-web.pt\/rigorcopia\/wp-json\/wp\/v2\/pages\/733\/revisions\/758"}],"wp:attachment":[{"href":"https:\/\/kreative-web.pt\/rigorcopia\/wp-json\/wp\/v2\/media?parent=733"}],"curies":[{"name":"wp","href":"https:\/\/api.w.org\/{rel}","templated":true}]}}