{"id":701,"date":"2025-01-16T09:39:33","date_gmt":"2025-01-16T09:39:33","guid":{"rendered":"https:\/\/kreative-web.pt\/rigorcopia\/?page_id=701"},"modified":"2025-01-16T10:35:57","modified_gmt":"2025-01-16T10:35:57","slug":"gestao-de-assiduidade","status":"publish","type":"page","link":"https:\/\/kreative-web.pt\/rigorcopia\/gestao-de-assiduidade\/","title":{"rendered":"Gest\u00e3o de Assiduidade"},"content":{"rendered":"\t\t<div data-elementor-type=\"wp-page\" data-elementor-id=\"701\" class=\"elementor elementor-701\" data-elementor-post-type=\"page\">\n\t\t\t\t<div class=\"elementor-element elementor-element-083e84b e-flex e-con-boxed e-con e-parent\" data-id=\"083e84b\" data-element_type=\"container\" data-settings=\"{&quot;background_background&quot;:&quot;classic&quot;}\">\n\t\t\t\t\t<div class=\"e-con-inner\">\n\t\t<div class=\"elementor-element elementor-element-3fa2caa e-con-full e-flex e-con e-child\" data-id=\"3fa2caa\" data-element_type=\"container\">\n\t\t\t\t<div class=\"elementor-element elementor-element-82137b6 elementor-widget elementor-widget-heading\" data-id=\"82137b6\" data-element_type=\"widget\" data-widget_type=\"heading.default\">\n\t\t\t\t<div class=\"elementor-widget-container\">\n\t\t\t\t\t<h6 class=\"elementor-heading-title elementor-size-default\">Servi\u00e7os<\/h6>\t\t\t\t<\/div>\n\t\t\t\t<\/div>\n\t\t\t\t<div class=\"elementor-element elementor-element-2fd55f2 elementor-widget elementor-widget-heading\" data-id=\"2fd55f2\" data-element_type=\"widget\" data-widget_type=\"heading.default\">\n\t\t\t\t<div class=\"elementor-widget-container\">\n\t\t\t\t\t<h1 class=\"elementor-heading-title elementor-size-default\">Gest\u00e3o de Assiduidade<\/h1>\t\t\t\t<\/div>\n\t\t\t\t<\/div>\n\t\t\t\t<\/div>\n\t\t<div class=\"elementor-element elementor-element-b8296e2 e-con-full e-flex e-con e-child\" data-id=\"b8296e2\" data-element_type=\"container\">\n\t\t\t\t<div class=\"elementor-element elementor-element-b6550c4 elementor-widget elementor-widget-image\" data-id=\"b6550c4\" data-element_type=\"widget\" data-widget_type=\"image.default\">\n\t\t\t\t<div class=\"elementor-widget-container\">\n\t\t\t\t\t\t\t\t\t\t\t\t\t\t\t<img fetchpriority=\"high\" decoding=\"async\" width=\"576\" height=\"366\" src=\"https:\/\/kreative-web.pt\/rigorcopia\/wp-content\/uploads\/2025\/01\/gestao-assiduidade_equipamento.webp\" class=\"attachment-full size-full wp-image-707\" alt=\"\" srcset=\"https:\/\/kreative-web.pt\/rigorcopia\/wp-content\/uploads\/2025\/01\/gestao-assiduidade_equipamento.webp 576w, https:\/\/kreative-web.pt\/rigorcopia\/wp-content\/uploads\/2025\/01\/gestao-assiduidade_equipamento-300x191.webp 300w\" sizes=\"(max-width: 576px) 100vw, 576px\" \/>\t\t\t\t\t\t\t\t\t\t\t\t\t\t\t<\/div>\n\t\t\t\t<\/div>\n\t\t\t\t<\/div>\n\t\t\t\t\t<\/div>\n\t\t\t\t<\/div>\n\t\t<div class=\"elementor-element elementor-element-4a0a0bd e-flex e-con-boxed e-con e-parent\" data-id=\"4a0a0bd\" data-element_type=\"container\">\n\t\t\t\t\t<div class=\"e-con-inner\">\n\t\t<div class=\"elementor-element elementor-element-41ce16d e-con-full e-flex e-con e-child\" data-id=\"41ce16d\" data-element_type=\"container\">\n\t\t\t\t<div class=\"elementor-element elementor-element-64e686d elementor-widget elementor-widget-image\" data-id=\"64e686d\" data-element_type=\"widget\" data-widget_type=\"image.default\">\n\t\t\t\t<div class=\"elementor-widget-container\">\n\t\t\t\t\t\t\t\t\t\t\t\t\t\t\t<img decoding=\"async\" width=\"800\" height=\"657\" src=\"https:\/\/kreative-web.pt\/rigorcopia\/wp-content\/uploads\/2025\/01\/impressao-digital_gestao-assiduidade_rigorcopia-1024x841.webp\" class=\"attachment-large size-large wp-image-724\" alt=\"\" srcset=\"https:\/\/kreative-web.pt\/rigorcopia\/wp-content\/uploads\/2025\/01\/impressao-digital_gestao-assiduidade_rigorcopia-1024x841.webp 1024w, https:\/\/kreative-web.pt\/rigorcopia\/wp-content\/uploads\/2025\/01\/impressao-digital_gestao-assiduidade_rigorcopia-300x246.webp 300w, https:\/\/kreative-web.pt\/rigorcopia\/wp-content\/uploads\/2025\/01\/impressao-digital_gestao-assiduidade_rigorcopia-768x631.webp 768w, https:\/\/kreative-web.pt\/rigorcopia\/wp-content\/uploads\/2025\/01\/impressao-digital_gestao-assiduidade_rigorcopia.webp 1028w\" sizes=\"(max-width: 800px) 100vw, 800px\" \/>\t\t\t\t\t\t\t\t\t\t\t\t\t\t\t<\/div>\n\t\t\t\t<\/div>\n\t\t\t\t<\/div>\n\t\t<div class=\"elementor-element elementor-element-9fdb517 e-con-full e-flex e-con e-child\" data-id=\"9fdb517\" data-element_type=\"container\">\n\t\t\t\t<div class=\"elementor-element elementor-element-5d33c94 elementor-widget elementor-widget-text-editor\" data-id=\"5d33c94\" data-element_type=\"widget\" data-widget_type=\"text-editor.default\">\n\t\t\t\t<div class=\"elementor-widget-container\">\n\t\t\t\t\t\t\t\t\t<p><span class=\"s2\">As empresas, de uma forma geral, sentem a necessidade de aferir a pontualidade e efetuar o controlo e gest\u00e3o de assiduidade dos seus colaboradores. A solu\u00e7\u00e3o Rigorcopia d\u00e1 resposta a esta necessidade recorrendo \u00e0s tecnologias RFID, biom\u00e9trica e\/ou outra tecnologia de autentica\u00e7\u00e3o, em conjunto ou em separado, sendo uma solu\u00e7\u00e3o robusta e que responde \u00e0s necessidades das empresas.<br \/>Assim pretende-se ultrapassar variad\u00edssimos problemas e lacunas de gest\u00e3o de Recursos Humanos existentes em muitas organiza\u00e7\u00f5es e institui\u00e7\u00f5es.<\/span><\/p>\t\t\t\t\t\t\t\t<\/div>\n\t\t\t\t<\/div>\n\t\t\t\t<div class=\"elementor-element elementor-element-f3b8666 elementor-widget elementor-widget-heading\" data-id=\"f3b8666\" data-element_type=\"widget\" data-widget_type=\"heading.default\">\n\t\t\t\t<div class=\"elementor-widget-container\">\n\t\t\t\t\t<h6 class=\"elementor-heading-title elementor-size-default\">Marcas<\/h6>\t\t\t\t<\/div>\n\t\t\t\t<\/div>\n\t\t<div class=\"elementor-element elementor-element-25f49d1 e-con-full e-flex e-con e-child\" data-id=\"25f49d1\" data-element_type=\"container\">\n\t\t\t\t<div class=\"elementor-element elementor-element-7b546f5 elementor-widget__width-initial elementor-widget elementor-widget-image\" data-id=\"7b546f5\" data-element_type=\"widget\" data-widget_type=\"image.default\">\n\t\t\t\t<div class=\"elementor-widget-container\">\n\t\t\t\t\t\t\t\t\t\t\t\t\t\t\t<img decoding=\"async\" width=\"300\" height=\"130\" src=\"https:\/\/kreative-web.pt\/rigorcopia\/wp-content\/uploads\/2025\/01\/idonic-idontime_assiduidade.png\" class=\"attachment-medium size-medium wp-image-718\" alt=\"\" \/>\t\t\t\t\t\t\t\t\t\t\t\t\t\t\t<\/div>\n\t\t\t\t<\/div>\n\t\t\t\t<\/div>\n\t\t\t\t<\/div>\n\t\t\t\t\t<\/div>\n\t\t\t\t<\/div>\n\t\t\t\t<\/div>\n\t\t","protected":false},"excerpt":{"rendered":"<p>Servi\u00e7os Gest\u00e3o de Assiduidade As empresas, de uma forma geral, sentem a necessidade de aferir a pontualidade e efetuar o controlo e gest\u00e3o de assiduidade dos seus colaboradores. A solu\u00e7\u00e3o Rigorcopia d\u00e1 resposta a esta necessidade recorrendo \u00e0s tecnologias RFID, biom\u00e9trica e\/ou outra tecnologia de autentica\u00e7\u00e3o, em conjunto ou em separado, sendo uma solu\u00e7\u00e3o robusta [&hellip;]<\/p>\n","protected":false},"author":1,"featured_media":0,"parent":0,"menu_order":0,"comment_status":"closed","ping_status":"closed","template":"","meta":{"footnotes":""},"class_list":["post-701","page","type-page","status-publish","hentry"],"_links":{"self":[{"href":"https:\/\/kreative-web.pt\/rigorcopia\/wp-json\/wp\/v2\/pages\/701","targetHints":{"allow":["GET"]}}],"collection":[{"href":"https:\/\/kreative-web.pt\/rigorcopia\/wp-json\/wp\/v2\/pages"}],"about":[{"href":"https:\/\/kreative-web.pt\/rigorcopia\/wp-json\/wp\/v2\/types\/page"}],"author":[{"embeddable":true,"href":"https:\/\/kreative-web.pt\/rigorcopia\/wp-json\/wp\/v2\/users\/1"}],"replies":[{"embeddable":true,"href":"https:\/\/kreative-web.pt\/rigorcopia\/wp-json\/wp\/v2\/comments?post=701"}],"version-history":[{"count":5,"href":"https:\/\/kreative-web.pt\/rigorcopia\/wp-json\/wp\/v2\/pages\/701\/revisions"}],"predecessor-version":[{"id":737,"href":"https:\/\/kreative-web.pt\/rigorcopia\/wp-json\/wp\/v2\/pages\/701\/revisions\/737"}],"wp:attachment":[{"href":"https:\/\/kreative-web.pt\/rigorcopia\/wp-json\/wp\/v2\/media?parent=701"}],"curies":[{"name":"wp","href":"https:\/\/api.w.org\/{rel}","templated":true}]}}