{"id":655,"date":"2025-01-15T17:42:20","date_gmt":"2025-01-15T17:42:20","guid":{"rendered":"https:\/\/kreative-web.pt\/rigorcopia\/?page_id=655"},"modified":"2025-01-16T09:34:16","modified_gmt":"2025-01-16T09:34:16","slug":"sistemas-de-impressao-copia","status":"publish","type":"page","link":"https:\/\/kreative-web.pt\/rigorcopia\/sistemas-de-impressao-copia\/","title":{"rendered":"Sistemas de Impress\u00e3o e C\u00f3pia"},"content":{"rendered":"\t\t<div data-elementor-type=\"wp-page\" data-elementor-id=\"655\" class=\"elementor elementor-655\" data-elementor-post-type=\"page\">\n\t\t\t\t<div class=\"elementor-element elementor-element-779a030 e-flex e-con-boxed e-con e-parent\" data-id=\"779a030\" data-element_type=\"container\" data-settings=\"{&quot;background_background&quot;:&quot;classic&quot;}\">\n\t\t\t\t\t<div class=\"e-con-inner\">\n\t\t<div class=\"elementor-element elementor-element-dd7d8d4 e-con-full e-flex e-con e-child\" data-id=\"dd7d8d4\" data-element_type=\"container\">\n\t\t\t\t<div class=\"elementor-element elementor-element-e0904e9 elementor-widget elementor-widget-heading\" data-id=\"e0904e9\" data-element_type=\"widget\" data-widget_type=\"heading.default\">\n\t\t\t\t<div class=\"elementor-widget-container\">\n\t\t\t\t\t<h6 class=\"elementor-heading-title elementor-size-default\">Servi\u00e7os<\/h6>\t\t\t\t<\/div>\n\t\t\t\t<\/div>\n\t\t\t\t<div class=\"elementor-element elementor-element-7077b29 elementor-widget elementor-widget-heading\" data-id=\"7077b29\" data-element_type=\"widget\" data-widget_type=\"heading.default\">\n\t\t\t\t<div class=\"elementor-widget-container\">\n\t\t\t\t\t<h1 class=\"elementor-heading-title elementor-size-default\">Sistemas de Impress\u00e3o e C\u00f3pia<\/h1>\t\t\t\t<\/div>\n\t\t\t\t<\/div>\n\t\t\t\t<\/div>\n\t\t<div class=\"elementor-element elementor-element-8358a02 e-con-full e-flex e-con e-child\" data-id=\"8358a02\" data-element_type=\"container\">\n\t\t\t\t<div class=\"elementor-element elementor-element-f692860 elementor-widget elementor-widget-image\" data-id=\"f692860\" data-element_type=\"widget\" data-widget_type=\"image.default\">\n\t\t\t\t<div class=\"elementor-widget-container\">\n\t\t\t\t\t\t\t\t\t\t\t\t\t\t\t<img fetchpriority=\"high\" decoding=\"async\" width=\"1311\" height=\"586\" src=\"https:\/\/kreative-web.pt\/rigorcopia\/wp-content\/uploads\/2025\/01\/impressora_brother.webp\" class=\"attachment-full size-full wp-image-665\" alt=\"\" srcset=\"https:\/\/kreative-web.pt\/rigorcopia\/wp-content\/uploads\/2025\/01\/impressora_brother.webp 1311w, https:\/\/kreative-web.pt\/rigorcopia\/wp-content\/uploads\/2025\/01\/impressora_brother-300x134.webp 300w, https:\/\/kreative-web.pt\/rigorcopia\/wp-content\/uploads\/2025\/01\/impressora_brother-1024x458.webp 1024w, https:\/\/kreative-web.pt\/rigorcopia\/wp-content\/uploads\/2025\/01\/impressora_brother-768x343.webp 768w\" sizes=\"(max-width: 1311px) 100vw, 1311px\" \/>\t\t\t\t\t\t\t\t\t\t\t\t\t\t\t<\/div>\n\t\t\t\t<\/div>\n\t\t\t\t<\/div>\n\t\t\t\t\t<\/div>\n\t\t\t\t<\/div>\n\t\t<div class=\"elementor-element elementor-element-e34a189 e-flex e-con-boxed e-con e-parent\" data-id=\"e34a189\" data-element_type=\"container\">\n\t\t\t\t\t<div class=\"e-con-inner\">\n\t\t<div class=\"elementor-element elementor-element-cdaba72 e-con-full e-flex e-con e-child\" data-id=\"cdaba72\" data-element_type=\"container\">\n\t\t\t\t<div class=\"elementor-element elementor-element-1e50266 elementor-widget elementor-widget-image\" data-id=\"1e50266\" data-element_type=\"widget\" data-widget_type=\"image.default\">\n\t\t\t\t<div class=\"elementor-widget-container\">\n\t\t\t\t\t\t\t\t\t\t\t\t\t\t\t<img decoding=\"async\" width=\"800\" height=\"723\" src=\"https:\/\/kreative-web.pt\/rigorcopia\/wp-content\/uploads\/2025\/01\/impressao_konika-1024x926.webp\" class=\"attachment-large size-large wp-image-678\" alt=\"\" srcset=\"https:\/\/kreative-web.pt\/rigorcopia\/wp-content\/uploads\/2025\/01\/impressao_konika-1024x926.webp 1024w, https:\/\/kreative-web.pt\/rigorcopia\/wp-content\/uploads\/2025\/01\/impressao_konika-300x271.webp 300w, https:\/\/kreative-web.pt\/rigorcopia\/wp-content\/uploads\/2025\/01\/impressao_konika-768x694.webp 768w, https:\/\/kreative-web.pt\/rigorcopia\/wp-content\/uploads\/2025\/01\/impressao_konika.webp 1124w\" sizes=\"(max-width: 800px) 100vw, 800px\" \/>\t\t\t\t\t\t\t\t\t\t\t\t\t\t\t<\/div>\n\t\t\t\t<\/div>\n\t\t\t\t<\/div>\n\t\t<div class=\"elementor-element elementor-element-acd882f e-con-full e-flex e-con e-child\" data-id=\"acd882f\" data-element_type=\"container\">\n\t\t\t\t<div class=\"elementor-element elementor-element-6703b73 elementor-widget elementor-widget-heading\" data-id=\"6703b73\" data-element_type=\"widget\" data-widget_type=\"heading.default\">\n\t\t\t\t<div class=\"elementor-widget-container\">\n\t\t\t\t\t<h2 class=\"elementor-heading-title elementor-size-default\">Solu\u00e7\u00f5es para Escrit\u00f3rio<\/h2>\t\t\t\t<\/div>\n\t\t\t\t<\/div>\n\t\t\t\t<div class=\"elementor-element elementor-element-0592756 elementor-widget elementor-widget-text-editor\" data-id=\"0592756\" data-element_type=\"widget\" data-widget_type=\"text-editor.default\">\n\t\t\t\t<div class=\"elementor-widget-container\">\n\t\t\t\t\t\t\t\t\t<p class=\"p1\">Independentemente da dimens\u00e3o da sua organiza\u00e7\u00e3o ou da complexidade do seu servi\u00e7o de impress\u00e3o, as nossas solu\u00e7\u00f5es aumentam a produtividade e reduzem os custos.<\/p>\t\t\t\t\t\t\t\t<\/div>\n\t\t\t\t<\/div>\n\t\t\t\t<div class=\"elementor-element elementor-element-9598096 elementor-widget elementor-widget-heading\" data-id=\"9598096\" data-element_type=\"widget\" data-widget_type=\"heading.default\">\n\t\t\t\t<div class=\"elementor-widget-container\">\n\t\t\t\t\t<h2 class=\"elementor-heading-title elementor-size-default\">Aluguer de Equipamentos<\/h2>\t\t\t\t<\/div>\n\t\t\t\t<\/div>\n\t\t\t\t<div class=\"elementor-element elementor-element-bb3bd54 elementor-widget elementor-widget-text-editor\" data-id=\"bb3bd54\" data-element_type=\"widget\" data-widget_type=\"text-editor.default\">\n\t\t\t\t<div class=\"elementor-widget-container\">\n\t\t\t\t\t\t\t\t\t<p class=\"p1\">N\u00e3o se preocupe com gest\u00e3o, manuten\u00e7\u00e3o e repara\u00e7\u00e3o das impressoras. Opte pelo renting\/aluguer de equipamentos de impress\u00e3o, invista o seu tempo no essencial.<\/p>\t\t\t\t\t\t\t\t<\/div>\n\t\t\t\t<\/div>\n\t\t\t\t<div class=\"elementor-element elementor-element-24d2541 elementor-widget elementor-widget-heading\" data-id=\"24d2541\" data-element_type=\"widget\" data-widget_type=\"heading.default\">\n\t\t\t\t<div class=\"elementor-widget-container\">\n\t\t\t\t\t<h2 class=\"elementor-heading-title elementor-size-default\">Impressoras Multifuncionais<\/h2>\t\t\t\t<\/div>\n\t\t\t\t<\/div>\n\t\t\t\t<div class=\"elementor-element elementor-element-32c52e9 elementor-widget elementor-widget-text-editor\" data-id=\"32c52e9\" data-element_type=\"widget\" data-widget_type=\"text-editor.default\">\n\t\t\t\t<div class=\"elementor-widget-container\">\n\t\t\t\t\t\t\t\t\t<p class=\"p1\">Concebidos para maximizar a produtividade, os nossos equipamentos multifuncionais simplificam a impress\u00e3o, digitaliza\u00e7\u00e3o, e c\u00f3pia.<\/p>\t\t\t\t\t\t\t\t<\/div>\n\t\t\t\t<\/div>\n\t\t\t\t<div class=\"elementor-element elementor-element-8586c25 elementor-widget elementor-widget-heading\" data-id=\"8586c25\" data-element_type=\"widget\" data-widget_type=\"heading.default\">\n\t\t\t\t<div class=\"elementor-widget-container\">\n\t\t\t\t\t<h6 class=\"elementor-heading-title elementor-size-default\">Marcas<\/h6>\t\t\t\t<\/div>\n\t\t\t\t<\/div>\n\t\t<div class=\"elementor-element elementor-element-44e8018 e-con-full e-flex e-con e-child\" data-id=\"44e8018\" data-element_type=\"container\">\n\t\t\t\t<div class=\"elementor-element elementor-element-5feee93 elementor-widget elementor-widget-image\" data-id=\"5feee93\" data-element_type=\"widget\" data-widget_type=\"image.default\">\n\t\t\t\t<div class=\"elementor-widget-container\">\n\t\t\t\t\t\t\t\t\t\t\t\t\t\t\t<img decoding=\"async\" width=\"300\" height=\"131\" src=\"https:\/\/kreative-web.pt\/rigorcopia\/wp-content\/uploads\/2025\/01\/marca_konica.webp\" class=\"attachment-medium size-medium wp-image-669\" alt=\"\" \/>\t\t\t\t\t\t\t\t\t\t\t\t\t\t\t<\/div>\n\t\t\t\t<\/div>\n\t\t\t\t<div class=\"elementor-element elementor-element-79c68cc elementor-widget elementor-widget-image\" data-id=\"79c68cc\" data-element_type=\"widget\" data-widget_type=\"image.default\">\n\t\t\t\t<div class=\"elementor-widget-container\">\n\t\t\t\t\t\t\t\t\t\t\t\t\t\t\t<img loading=\"lazy\" decoding=\"async\" width=\"300\" height=\"131\" src=\"https:\/\/kreative-web.pt\/rigorcopia\/wp-content\/uploads\/2025\/01\/marca_kyocera.webp\" class=\"attachment-medium size-medium wp-image-670\" alt=\"\" \/>\t\t\t\t\t\t\t\t\t\t\t\t\t\t\t<\/div>\n\t\t\t\t<\/div>\n\t\t\t\t<div class=\"elementor-element elementor-element-1d3bf87 elementor-widget elementor-widget-image\" data-id=\"1d3bf87\" data-element_type=\"widget\" data-widget_type=\"image.default\">\n\t\t\t\t<div class=\"elementor-widget-container\">\n\t\t\t\t\t\t\t\t\t\t\t\t\t\t\t<img loading=\"lazy\" decoding=\"async\" width=\"300\" height=\"131\" src=\"https:\/\/kreative-web.pt\/rigorcopia\/wp-content\/uploads\/2025\/01\/marca_brother.webp\" class=\"attachment-medium size-medium wp-image-671\" alt=\"\" \/>\t\t\t\t\t\t\t\t\t\t\t\t\t\t\t<\/div>\n\t\t\t\t<\/div>\n\t\t\t\t<div class=\"elementor-element elementor-element-04a337d elementor-widget__width-initial elementor-widget elementor-widget-spacer\" data-id=\"04a337d\" data-element_type=\"widget\" data-widget_type=\"spacer.default\">\n\t\t\t\t<div class=\"elementor-widget-container\">\n\t\t\t\t\t\t\t<div class=\"elementor-spacer\">\n\t\t\t<div class=\"elementor-spacer-inner\"><\/div>\n\t\t<\/div>\n\t\t\t\t\t\t<\/div>\n\t\t\t\t<\/div>\n\t\t\t\t<\/div>\n\t\t\t\t<\/div>\n\t\t\t\t\t<\/div>\n\t\t\t\t<\/div>\n\t\t\t\t<\/div>\n\t\t","protected":false},"excerpt":{"rendered":"<p>Servi\u00e7os Sistemas de Impress\u00e3o e C\u00f3pia Solu\u00e7\u00f5es para Escrit\u00f3rio Independentemente da dimens\u00e3o da sua organiza\u00e7\u00e3o ou da complexidade do seu servi\u00e7o de impress\u00e3o, as nossas solu\u00e7\u00f5es aumentam a produtividade e reduzem os custos. Aluguer de Equipamentos N\u00e3o se preocupe com gest\u00e3o, manuten\u00e7\u00e3o e repara\u00e7\u00e3o das impressoras. Opte pelo renting\/aluguer de equipamentos de impress\u00e3o, invista o [&hellip;]<\/p>\n","protected":false},"author":1,"featured_media":0,"parent":0,"menu_order":0,"comment_status":"closed","ping_status":"closed","template":"","meta":{"footnotes":""},"class_list":["post-655","page","type-page","status-publish","hentry"],"_links":{"self":[{"href":"https:\/\/kreative-web.pt\/rigorcopia\/wp-json\/wp\/v2\/pages\/655","targetHints":{"allow":["GET"]}}],"collection":[{"href":"https:\/\/kreative-web.pt\/rigorcopia\/wp-json\/wp\/v2\/pages"}],"about":[{"href":"https:\/\/kreative-web.pt\/rigorcopia\/wp-json\/wp\/v2\/types\/page"}],"author":[{"embeddable":true,"href":"https:\/\/kreative-web.pt\/rigorcopia\/wp-json\/wp\/v2\/users\/1"}],"replies":[{"embeddable":true,"href":"https:\/\/kreative-web.pt\/rigorcopia\/wp-json\/wp\/v2\/comments?post=655"}],"version-history":[{"count":5,"href":"https:\/\/kreative-web.pt\/rigorcopia\/wp-json\/wp\/v2\/pages\/655\/revisions"}],"predecessor-version":[{"id":700,"href":"https:\/\/kreative-web.pt\/rigorcopia\/wp-json\/wp\/v2\/pages\/655\/revisions\/700"}],"wp:attachment":[{"href":"https:\/\/kreative-web.pt\/rigorcopia\/wp-json\/wp\/v2\/media?parent=655"}],"curies":[{"name":"wp","href":"https:\/\/api.w.org\/{rel}","templated":true}]}}