{"id":592,"date":"2025-01-15T15:58:37","date_gmt":"2025-01-15T15:58:37","guid":{"rendered":"https:\/\/kreative-web.pt\/rigorcopia\/?page_id=592"},"modified":"2025-01-16T09:59:42","modified_gmt":"2025-01-16T09:59:42","slug":"caixas-pagamento-automatico","status":"publish","type":"page","link":"https:\/\/kreative-web.pt\/rigorcopia\/caixas-pagamento-automatico\/","title":{"rendered":"Caixas Pagamento Autom\u00e1tico"},"content":{"rendered":"\t\t<div data-elementor-type=\"wp-page\" data-elementor-id=\"592\" class=\"elementor elementor-592\" data-elementor-post-type=\"page\">\n\t\t\t\t<div class=\"elementor-element elementor-element-3fd3c5c3 e-flex e-con-boxed e-con e-parent\" data-id=\"3fd3c5c3\" data-element_type=\"container\" data-settings=\"{&quot;background_background&quot;:&quot;classic&quot;}\">\n\t\t\t\t\t<div class=\"e-con-inner\">\n\t\t<div class=\"elementor-element elementor-element-4913172c e-con-full e-flex e-con e-child\" data-id=\"4913172c\" data-element_type=\"container\">\n\t\t\t\t<div class=\"elementor-element elementor-element-9d7f15e elementor-widget elementor-widget-heading\" data-id=\"9d7f15e\" data-element_type=\"widget\" data-widget_type=\"heading.default\">\n\t\t\t\t<div class=\"elementor-widget-container\">\n\t\t\t\t\t<h6 class=\"elementor-heading-title elementor-size-default\">Servi\u00e7os<\/h6>\t\t\t\t<\/div>\n\t\t\t\t<\/div>\n\t\t\t\t<div class=\"elementor-element elementor-element-65b5787b elementor-widget elementor-widget-heading\" data-id=\"65b5787b\" data-element_type=\"widget\" data-widget_type=\"heading.default\">\n\t\t\t\t<div class=\"elementor-widget-container\">\n\t\t\t\t\t<h1 class=\"elementor-heading-title elementor-size-default\">Caixas Pagamento Autom\u00e1tico<\/h1>\t\t\t\t<\/div>\n\t\t\t\t<\/div>\n\t\t\t\t<\/div>\n\t\t<div class=\"elementor-element elementor-element-1a81645c e-con-full e-flex e-con e-child\" data-id=\"1a81645c\" data-element_type=\"container\">\n\t\t\t\t<div class=\"elementor-element elementor-element-5da4b8db elementor-widget elementor-widget-image\" data-id=\"5da4b8db\" data-element_type=\"widget\" data-widget_type=\"image.default\">\n\t\t\t\t<div class=\"elementor-widget-container\">\n\t\t\t\t\t\t\t\t\t\t\t\t\t\t\t<img fetchpriority=\"high\" decoding=\"async\" width=\"1000\" height=\"552\" src=\"https:\/\/kreative-web.pt\/rigorcopia\/wp-content\/uploads\/2025\/01\/maquina_caixa-pagamento-automatico.webp\" class=\"attachment-full size-full wp-image-608\" alt=\"\" srcset=\"https:\/\/kreative-web.pt\/rigorcopia\/wp-content\/uploads\/2025\/01\/maquina_caixa-pagamento-automatico.webp 1000w, https:\/\/kreative-web.pt\/rigorcopia\/wp-content\/uploads\/2025\/01\/maquina_caixa-pagamento-automatico-300x166.webp 300w, https:\/\/kreative-web.pt\/rigorcopia\/wp-content\/uploads\/2025\/01\/maquina_caixa-pagamento-automatico-768x424.webp 768w\" sizes=\"(max-width: 1000px) 100vw, 1000px\" \/>\t\t\t\t\t\t\t\t\t\t\t\t\t\t\t<\/div>\n\t\t\t\t<\/div>\n\t\t\t\t<\/div>\n\t\t\t\t\t<\/div>\n\t\t\t\t<\/div>\n\t\t<div class=\"elementor-element elementor-element-a7158ae e-flex e-con-boxed e-con e-parent\" data-id=\"a7158ae\" data-element_type=\"container\">\n\t\t\t\t\t<div class=\"e-con-inner\">\n\t\t<div class=\"elementor-element elementor-element-8419f80 e-con-full e-flex e-con e-child\" data-id=\"8419f80\" data-element_type=\"container\">\n\t\t\t\t<div class=\"elementor-element elementor-element-11eb0e6 elementor-widget elementor-widget-image\" data-id=\"11eb0e6\" data-element_type=\"widget\" data-widget_type=\"image.default\">\n\t\t\t\t<div class=\"elementor-widget-container\">\n\t\t\t\t\t\t\t\t\t\t\t\t\t\t\t<img decoding=\"async\" width=\"800\" height=\"800\" src=\"https:\/\/kreative-web.pt\/rigorcopia\/wp-content\/uploads\/2025\/01\/maquina-exemplo_caixa-pagamento-automatico.webp\" class=\"attachment-large size-large wp-image-613\" alt=\"\" srcset=\"https:\/\/kreative-web.pt\/rigorcopia\/wp-content\/uploads\/2025\/01\/maquina-exemplo_caixa-pagamento-automatico.webp 800w, https:\/\/kreative-web.pt\/rigorcopia\/wp-content\/uploads\/2025\/01\/maquina-exemplo_caixa-pagamento-automatico-300x300.webp 300w, https:\/\/kreative-web.pt\/rigorcopia\/wp-content\/uploads\/2025\/01\/maquina-exemplo_caixa-pagamento-automatico-150x150.webp 150w, https:\/\/kreative-web.pt\/rigorcopia\/wp-content\/uploads\/2025\/01\/maquina-exemplo_caixa-pagamento-automatico-768x768.webp 768w\" sizes=\"(max-width: 800px) 100vw, 800px\" \/>\t\t\t\t\t\t\t\t\t\t\t\t\t\t\t<\/div>\n\t\t\t\t<\/div>\n\t\t\t\t<\/div>\n\t\t<div class=\"elementor-element elementor-element-202f71a e-con-full e-flex e-con e-child\" data-id=\"202f71a\" data-element_type=\"container\">\n\t\t\t\t<div class=\"elementor-element elementor-element-402cd2a elementor-widget elementor-widget-text-editor\" data-id=\"402cd2a\" data-element_type=\"widget\" data-widget_type=\"text-editor.default\">\n\t\t\t\t<div class=\"elementor-widget-container\">\n\t\t\t\t\t\t\t\t\t<p><span class=\"s2\">O dinheiro continua a ser, hoje em dia, o m\u00e9todo de pagamento mais utilizado.<br \/>No entanto, a sua gest\u00e3o \u00e9 pouco segura. M\u00e1quina de pagamento autom\u00e1tico, \u00e9 uma tecnologia para os pagamentos em dinheiro no ponto de venda, que automatiza todos os processos que envolvem dinheiro, e simplifica a sua gest\u00e3o.<\/span><\/p><p class=\"p2\">Estas solu\u00e7\u00e3o, pensada para a sua tranquilidade, destaca-se pela sua fiabilidade e rapidez, e pela sua facilidade de uso e de manuten\u00e7\u00e3o.<\/p><p class=\"p2\">Recomendada para\u00a0caf\u00e9s, padarias, pastelarias, restaurantes, bares, talhos, peixarias, farm\u00e1cias, lojas de roupa, perfumarias, brinquedos, esta\u00e7\u00f5es de servi\u00e7o, etc.<\/p>\t\t\t\t\t\t\t\t<\/div>\n\t\t\t\t<\/div>\n\t\t\t\t<div class=\"elementor-element elementor-element-18e0433 elementor-widget elementor-widget-heading\" data-id=\"18e0433\" data-element_type=\"widget\" data-widget_type=\"heading.default\">\n\t\t\t\t<div class=\"elementor-widget-container\">\n\t\t\t\t\t<h6 class=\"elementor-heading-title elementor-size-default\">Marcas<\/h6>\t\t\t\t<\/div>\n\t\t\t\t<\/div>\n\t\t<div class=\"elementor-element elementor-element-e2a58ce e-con-full e-flex e-con e-child\" data-id=\"e2a58ce\" data-element_type=\"container\">\n\t\t\t\t<div class=\"elementor-element elementor-element-dff3465 elementor-widget elementor-widget-image\" data-id=\"dff3465\" data-element_type=\"widget\" data-widget_type=\"image.default\">\n\t\t\t\t<div class=\"elementor-widget-container\">\n\t\t\t\t\t\t\t\t\t\t\t\t\t\t\t<img decoding=\"async\" width=\"300\" height=\"130\" src=\"https:\/\/kreative-web.pt\/rigorcopia\/wp-content\/uploads\/2025\/01\/marca_glory.webp\" class=\"attachment-medium size-medium wp-image-618\" alt=\"\" \/>\t\t\t\t\t\t\t\t\t\t\t\t\t\t\t<\/div>\n\t\t\t\t<\/div>\n\t\t\t\t<div class=\"elementor-element elementor-element-2168e1e elementor-widget elementor-widget-image\" data-id=\"2168e1e\" data-element_type=\"widget\" data-widget_type=\"image.default\">\n\t\t\t\t<div class=\"elementor-widget-container\">\n\t\t\t\t\t\t\t\t\t\t\t\t\t\t\t<img loading=\"lazy\" decoding=\"async\" width=\"300\" height=\"130\" src=\"https:\/\/kreative-web.pt\/rigorcopia\/wp-content\/uploads\/2025\/01\/marca_alice.webp\" class=\"attachment-medium size-medium wp-image-619\" alt=\"\" \/>\t\t\t\t\t\t\t\t\t\t\t\t\t\t\t<\/div>\n\t\t\t\t<\/div>\n\t\t\t\t<div class=\"elementor-element elementor-element-b13b6c6 elementor-widget elementor-widget-image\" data-id=\"b13b6c6\" data-element_type=\"widget\" data-widget_type=\"image.default\">\n\t\t\t\t<div class=\"elementor-widget-container\">\n\t\t\t\t\t\t\t\t\t\t\t\t\t\t\t<img loading=\"lazy\" decoding=\"async\" width=\"300\" height=\"130\" src=\"https:\/\/kreative-web.pt\/rigorcopia\/wp-content\/uploads\/2025\/01\/marca_cashmatic.webp\" class=\"attachment-medium size-medium wp-image-620\" alt=\"\" \/>\t\t\t\t\t\t\t\t\t\t\t\t\t\t\t<\/div>\n\t\t\t\t<\/div>\n\t\t\t\t<div class=\"elementor-element elementor-element-85bbae3 elementor-widget elementor-widget-image\" data-id=\"85bbae3\" data-element_type=\"widget\" data-widget_type=\"image.default\">\n\t\t\t\t<div class=\"elementor-widget-container\">\n\t\t\t\t\t\t\t\t\t\t\t\t\t\t\t<img loading=\"lazy\" decoding=\"async\" width=\"300\" height=\"131\" src=\"https:\/\/kreative-web.pt\/rigorcopia\/wp-content\/uploads\/2025\/01\/marca_cashlogy.webp\" class=\"attachment-medium size-medium wp-image-621\" alt=\"\" \/>\t\t\t\t\t\t\t\t\t\t\t\t\t\t\t<\/div>\n\t\t\t\t<\/div>\n\t\t\t\t<\/div>\n\t\t\t\t<\/div>\n\t\t\t\t\t<\/div>\n\t\t\t\t<\/div>\n\t\t\t\t<\/div>\n\t\t","protected":false},"excerpt":{"rendered":"<p>Servi\u00e7os Caixas Pagamento Autom\u00e1tico O dinheiro continua a ser, hoje em dia, o m\u00e9todo de pagamento mais utilizado.No entanto, a sua gest\u00e3o \u00e9 pouco segura. M\u00e1quina de pagamento autom\u00e1tico, \u00e9 uma tecnologia para os pagamentos em dinheiro no ponto de venda, que automatiza todos os processos que envolvem dinheiro, e simplifica a sua gest\u00e3o. Estas [&hellip;]<\/p>\n","protected":false},"author":1,"featured_media":0,"parent":0,"menu_order":0,"comment_status":"closed","ping_status":"closed","template":"","meta":{"footnotes":""},"class_list":["post-592","page","type-page","status-publish","hentry"],"_links":{"self":[{"href":"https:\/\/kreative-web.pt\/rigorcopia\/wp-json\/wp\/v2\/pages\/592","targetHints":{"allow":["GET"]}}],"collection":[{"href":"https:\/\/kreative-web.pt\/rigorcopia\/wp-json\/wp\/v2\/pages"}],"about":[{"href":"https:\/\/kreative-web.pt\/rigorcopia\/wp-json\/wp\/v2\/types\/page"}],"author":[{"embeddable":true,"href":"https:\/\/kreative-web.pt\/rigorcopia\/wp-json\/wp\/v2\/users\/1"}],"replies":[{"embeddable":true,"href":"https:\/\/kreative-web.pt\/rigorcopia\/wp-json\/wp\/v2\/comments?post=592"}],"version-history":[{"count":5,"href":"https:\/\/kreative-web.pt\/rigorcopia\/wp-json\/wp\/v2\/pages\/592\/revisions"}],"predecessor-version":[{"id":716,"href":"https:\/\/kreative-web.pt\/rigorcopia\/wp-json\/wp\/v2\/pages\/592\/revisions\/716"}],"wp:attachment":[{"href":"https:\/\/kreative-web.pt\/rigorcopia\/wp-json\/wp\/v2\/media?parent=592"}],"curies":[{"name":"wp","href":"https:\/\/api.w.org\/{rel}","templated":true}]}}